{"id":7398,"date":"2025-03-11T20:53:22","date_gmt":"2025-03-11T20:53:22","guid":{"rendered":"https:\/\/planestrategico.uach.cl\/?page_id=7398"},"modified":"2025-03-11T20:58:15","modified_gmt":"2025-03-11T20:58:15","slug":"uach-comenzo-ultima-etapa-del-proceso-de-planificacion-estrategica-institucional-2025-2029","status":"publish","type":"page","link":"https:\/\/planestrategico.uach.cl\/?page_id=7398","title":{"rendered":"UACh comenz\u00f3 \u00faltima etapa del proceso de Planificaci\u00f3n Estrat\u00e9gica Institucional 2025\u20132029"},"content":{"rendered":"\t\t<div data-elementor-type=\"wp-page\" data-elementor-id=\"7398\" class=\"elementor elementor-7398\">\n\t\t\t\t\t\t\t\t\t<section class=\"elementor-section elementor-top-section elementor-element elementor-element-6e37860 elementor-section-boxed elementor-section-height-default elementor-section-height-default\" data-id=\"6e37860\" data-element_type=\"section\">\n\t\t\t\t\t\t<div class=\"elementor-container elementor-column-gap-default\">\n\t\t\t\t\t<div class=\"elementor-column elementor-col-66 elementor-top-column elementor-element elementor-element-4844382\" data-id=\"4844382\" data-element_type=\"column\">\n\t\t\t<div class=\"elementor-widget-wrap elementor-element-populated\">\n\t\t\t\t\t\t\t\t<div class=\"elementor-element elementor-element-b328232 elementor-widget elementor-widget-spacer\" data-id=\"b328232\" data-element_type=\"widget\" data-widget_type=\"spacer.default\">\n\t\t\t\t<div class=\"elementor-widget-container\">\n\t\t\t<style>\/*! elementor - v3.6.7 - 03-07-2022 *\/\n.e-container.e-container--row .elementor-spacer-inner{width:var(--spacer-size)}.e-container.e-container--column .elementor-spacer-inner,.elementor-column .elementor-spacer-inner{height:var(--spacer-size)}<\/style>\t\t<div class=\"elementor-spacer\">\n\t\t\t<div class=\"elementor-spacer-inner\"><\/div>\n\t\t<\/div>\n\t\t\t\t<\/div>\n\t\t\t\t<\/div>\n\t\t\t\t<div class=\"elementor-element elementor-element-e0e87a3 elementor-widget elementor-widget-heading\" data-id=\"e0e87a3\" data-element_type=\"widget\" data-widget_type=\"heading.default\">\n\t\t\t\t<div class=\"elementor-widget-container\">\n\t\t\t<style>\/*! elementor - v3.6.7 - 03-07-2022 *\/\n.elementor-heading-title{padding:0;margin:0;line-height:1}.elementor-widget-heading .elementor-heading-title[class*=elementor-size-]>a{color:inherit;font-size:inherit;line-height:inherit}.elementor-widget-heading .elementor-heading-title.elementor-size-small{font-size:15px}.elementor-widget-heading .elementor-heading-title.elementor-size-medium{font-size:19px}.elementor-widget-heading .elementor-heading-title.elementor-size-large{font-size:29px}.elementor-widget-heading .elementor-heading-title.elementor-size-xl{font-size:39px}.elementor-widget-heading .elementor-heading-title.elementor-size-xxl{font-size:59px}<\/style><h2 class=\"elementor-heading-title elementor-size-default\">UACh comenz\u00f3 \u00faltima etapa del proceso de Planificaci\u00f3n Estrat\u00e9gica Institucional 2025\u20132029<\/h2>\t\t<\/div>\n\t\t\t\t<\/div>\n\t\t\t\t<div class=\"elementor-element elementor-element-61a8dc6 elementor-widget elementor-widget-image\" data-id=\"61a8dc6\" data-element_type=\"widget\" data-widget_type=\"image.default\">\n\t\t\t\t<div class=\"elementor-widget-container\">\n\t\t\t<style>\/*! elementor - v3.6.7 - 03-07-2022 *\/\n.elementor-widget-image{text-align:center}.elementor-widget-image a{display:inline-block}.elementor-widget-image a img[src$=\".svg\"]{width:48px}.elementor-widget-image img{vertical-align:middle;display:inline-block}<\/style>\t\t\t\t\t\t\t\t\t<figure class=\"wp-caption\">\n\t\t\t\t\t\t\t\t\t\t<img loading=\"lazy\" decoding=\"async\" width=\"800\" height=\"600\" src=\"https:\/\/planestrategico.uach.cl\/wp-content\/uploads\/2025\/03\/WhatsApp-Image-2025-03-06-at-12.59.25-PM-1-1024x768.jpeg\" class=\"attachment-large size-large\" alt=\"\" srcset=\"https:\/\/planestrategico.uach.cl\/wp-content\/uploads\/2025\/03\/WhatsApp-Image-2025-03-06-at-12.59.25-PM-1-1024x768.jpeg 1024w, https:\/\/planestrategico.uach.cl\/wp-content\/uploads\/2025\/03\/WhatsApp-Image-2025-03-06-at-12.59.25-PM-1-300x225.jpeg 300w, https:\/\/planestrategico.uach.cl\/wp-content\/uploads\/2025\/03\/WhatsApp-Image-2025-03-06-at-12.59.25-PM-1-768x576.jpeg 768w, https:\/\/planestrategico.uach.cl\/wp-content\/uploads\/2025\/03\/WhatsApp-Image-2025-03-06-at-12.59.25-PM-1-1536x1152.jpeg 1536w, https:\/\/planestrategico.uach.cl\/wp-content\/uploads\/2025\/03\/WhatsApp-Image-2025-03-06-at-12.59.25-PM-1.jpeg 1600w\" sizes=\"auto, (max-width: 800px) 100vw, 800px\" \/>\t\t\t\t\t\t\t\t\t\t\t<figcaption class=\"widget-image-caption wp-caption-text\">El desaf\u00edo ser\u00e1 consolidar y afinar la propuesta junto al Comit\u00e9 Asesor, con el objetivo de presentarla a los cuerpos colegiados y lograr su aprobaci\u00f3n<\/figcaption>\n\t\t\t\t\t\t\t\t\t\t<\/figure>\n\t\t\t\t\t\t\t\t\t<\/div>\n\t\t\t\t<\/div>\n\t\t\t\t<div class=\"elementor-element elementor-element-4fc0b79 elementor-widget elementor-widget-text-editor\" data-id=\"4fc0b79\" data-element_type=\"widget\" data-widget_type=\"text-editor.default\">\n\t\t\t\t<div class=\"elementor-widget-container\">\n\t\t\t<style>\/*! elementor - v3.6.7 - 03-07-2022 *\/\n.elementor-widget-text-editor.elementor-drop-cap-view-stacked .elementor-drop-cap{background-color:#818a91;color:#fff}.elementor-widget-text-editor.elementor-drop-cap-view-framed .elementor-drop-cap{color:#818a91;border:3px solid;background-color:transparent}.elementor-widget-text-editor:not(.elementor-drop-cap-view-default) .elementor-drop-cap{margin-top:8px}.elementor-widget-text-editor:not(.elementor-drop-cap-view-default) .elementor-drop-cap-letter{width:1em;height:1em}.elementor-widget-text-editor .elementor-drop-cap{float:left;text-align:center;line-height:1;font-size:50px}.elementor-widget-text-editor .elementor-drop-cap-letter{display:inline-block}<\/style>\t\t\t\t<p>Tras el receso universitario, se retoma el proceso de Planificaci\u00f3n Estrat\u00e9gica Institucional con el inicio de su quinta y \u00faltima etapa \u201cPropuesta del Plan Estrat\u00e9gico Institucional\u201d. En esta etapa, el Comit\u00e9 Asesor de Planificaci\u00f3n Estrat\u00e9gica trabajar\u00e1 en la versi\u00f3n final del documento, que ser\u00e1 presentado al equipo de Rector\u00eda y luego a los cuerpos colegiados para su aprobaci\u00f3n.<\/p><p>Esta propuesta es el resultado de un proceso meticuloso y sistem\u00e1tico que inici\u00f3 formalmente en junio de 2024 con la aprobaci\u00f3n del marco metodol\u00f3gico y la conformaci\u00f3n del Comit\u00e9 Asesor de Planificaci\u00f3n Estrat\u00e9gica. En octubre de ese a\u00f1o, se entreg\u00f3 una primera propuesta del plan, la cual fue retroalimentada en jornadas de trabajo y sometida a consulta por toda la comunidad universitaria a trav\u00e9s de una encuesta realizada entre el 5 de diciembre y el 13 de enero, la que obtuvo m\u00e1s de 2.200 respuesta. Los resultados de \u00e9sta ya est\u00e1n disponibles en la web del Plan Estrat\u00e9gico.<\/p><p>A fines de diciembre se conformaron equipos por prop\u00f3sito estrat\u00e9gico, quienes a inicios de a\u00f1o trabajaron en una propuesta de objetivos estrat\u00e9gicos por prop\u00f3sito. Las propuestas fueron discutidas en un plenario de los equipos a finales de enero 2025.<\/p><p>Ahora, el desaf\u00edo ser\u00e1 consolidar y afinar la propuesta junto al comit\u00e9 asesor, con el objetivo de presentarla a gabinete y los cuerpos colegiados y lograr su aprobaci\u00f3n.<\/p><p>\u201cEste hito marca la recta final de un proceso participativo y colaborativo, clave para definir el futuro de la Universidad Austral de Chile\u201d, destac\u00f3 el Director de la Direcci\u00f3n de Desarrollo Estrat\u00e9gico John Dodds. Adem\u00e1s, invit\u00f3 a toda la comunidad UACh a conocer los resultados de esta etapa y acceder a la informaci\u00f3n completa del plan estrat\u00e9gico en el sitio web\u00a0<a href=\"https:\/\/planestrategico.uach.cl\/\">https:\/\/planestrategico.uach.cl\/<\/a><\/p>\t\t\t\t\t\t<\/div>\n\t\t\t\t<\/div>\n\t\t\t\t<div class=\"elementor-element elementor-element-1096e07 elementor-widget elementor-widget-text-editor\" data-id=\"1096e07\" data-element_type=\"widget\" data-widget_type=\"text-editor.default\">\n\t\t\t\t<div class=\"elementor-widget-container\">\n\t\t\t\t\t\t\t<p>Fuente: <a href=\"https:\/\/diario.uach.cl\/uach-comenzo-ultima-etapa-del-proceso-de-planificacion-estrategica-institucional-2025-2029\/\">UACh comenz\u00f3 \u00faltima etapa del proceso de Planificaci\u00f3n Estrat\u00e9gica Institucional 2025\u20132029 \u2013 Noticias UACh<\/a><\/p>\t\t\t\t\t\t<\/div>\n\t\t\t\t<\/div>\n\t\t\t\t\t<\/div>\n\t\t<\/div>\n\t\t\t\t<div class=\"elementor-column elementor-col-33 elementor-top-column elementor-element elementor-element-696a3a6\" data-id=\"696a3a6\" data-element_type=\"column\">\n\t\t\t<div class=\"elementor-widget-wrap elementor-element-populated\">\n\t\t\t\t\t\t\t\t<div class=\"elementor-element elementor-element-505b425 elementor-widget elementor-widget-heading\" data-id=\"505b425\" data-element_type=\"widget\" data-widget_type=\"heading.default\">\n\t\t\t\t<div class=\"elementor-widget-container\">\n\t\t\t<h2 class=\"elementor-heading-title elementor-size-default\">Noticias<\/h2>\t\t<\/div>\n\t\t\t\t<\/div>\n\t\t\t\t<div class=\"elementor-element elementor-element-751b469 elementor-grid-1 elementor-posts--thumbnail-none elementor-grid-tablet-2 elementor-grid-mobile-1 elementor-widget elementor-widget-posts\" data-id=\"751b469\" data-element_type=\"widget\" data-settings=\"{&quot;classic_columns&quot;:&quot;1&quot;,&quot;classic_columns_tablet&quot;:&quot;2&quot;,&quot;classic_columns_mobile&quot;:&quot;1&quot;,&quot;classic_row_gap&quot;:{&quot;unit&quot;:&quot;px&quot;,&quot;size&quot;:35,&quot;sizes&quot;:[]},&quot;classic_row_gap_tablet&quot;:{&quot;unit&quot;:&quot;px&quot;,&quot;size&quot;:&quot;&quot;,&quot;sizes&quot;:[]},&quot;classic_row_gap_mobile&quot;:{&quot;unit&quot;:&quot;px&quot;,&quot;size&quot;:&quot;&quot;,&quot;sizes&quot;:[]}}\" data-widget_type=\"posts.classic\">\n\t\t\t\t<div class=\"elementor-widget-container\">\n\t\t\t<link rel=\"stylesheet\" href=\"https:\/\/planestrategico.uach.cl\/wp-content\/plugins\/elementor-pro\/assets\/css\/widget-posts.min.css\">\t\t<div class=\"elementor-posts-container elementor-posts elementor-posts--skin-classic elementor-grid\">\n\t\t\t\t<article class=\"elementor-post elementor-grid-item post-7398 page type-page status-publish hentry\">\n\t\t\t\t<div class=\"elementor-post__text\">\n\t\t\t\t<h3 class=\"elementor-post__title\">\n\t\t\t<a href=\"https:\/\/planestrategico.uach.cl\/?page_id=7398\" >\n\t\t\t\tUACh comenz\u00f3 \u00faltima etapa del proceso de Planificaci\u00f3n Estrat\u00e9gica Institucional 2025\u20132029\t\t\t<\/a>\n\t\t<\/h3>\n\t\t\t\t<div class=\"elementor-post__meta-data\">\n\t\t\t\t\t<span class=\"elementor-post-date\">\n\t\t\t11 de marzo de 2025\t\t<\/span>\n\t\t\t\t<\/div>\n\t\t\t\t<\/div>\n\t\t\t\t<\/article>\n\t\t\t\t<article class=\"elementor-post elementor-grid-item post-7343 page type-page status-publish hentry\">\n\t\t\t\t<div class=\"elementor-post__text\">\n\t\t\t\t<h3 class=\"elementor-post__title\">\n\t\t\t<a href=\"https:\/\/planestrategico.uach.cl\/?page_id=7343\" >\n\t\t\t\tNuevo Plan Estrat\u00e9gico UACh: comenz\u00f3 trabajo con equipos por prop\u00f3sitos \u2013 Noticias UACh\t\t\t<\/a>\n\t\t<\/h3>\n\t\t\t\t<div class=\"elementor-post__meta-data\">\n\t\t\t\t\t<span class=\"elementor-post-date\">\n\t\t\t5 de marzo de 2025\t\t<\/span>\n\t\t\t\t<\/div>\n\t\t\t\t<\/div>\n\t\t\t\t<\/article>\n\t\t\t\t<article class=\"elementor-post elementor-grid-item post-7231 page type-page status-publish hentry\">\n\t\t\t\t<div class=\"elementor-post__text\">\n\t\t\t\t<h3 class=\"elementor-post__title\">\n\t\t\t<a href=\"https:\/\/planestrategico.uach.cl\/?page_id=7231\" >\n\t\t\t\tRealizan proceso de socializaci\u00f3n en el marco de elaboraci\u00f3n de nuevo Plan Estrat\u00e9gico UACh\t\t\t<\/a>\n\t\t<\/h3>\n\t\t\t\t<div class=\"elementor-post__meta-data\">\n\t\t\t\t\t<span class=\"elementor-post-date\">\n\t\t\t4 de diciembre de 2024\t\t<\/span>\n\t\t\t\t<\/div>\n\t\t\t\t<\/div>\n\t\t\t\t<\/article>\n\t\t\t\t<article class=\"elementor-post elementor-grid-item post-7210 page type-page status-publish hentry\">\n\t\t\t\t<div class=\"elementor-post__text\">\n\t\t\t\t<h3 class=\"elementor-post__title\">\n\t\t\t<a href=\"https:\/\/planestrategico.uach.cl\/?page_id=7210\" >\n\t\t\t\tSocializan proceso de elaboraci\u00f3n del nuevo Plan Estrat\u00e9gico institucional\t\t\t<\/a>\n\t\t<\/h3>\n\t\t\t\t<div class=\"elementor-post__meta-data\">\n\t\t\t\t\t<span class=\"elementor-post-date\">\n\t\t\t22 de noviembre de 2024\t\t<\/span>\n\t\t\t\t<\/div>\n\t\t\t\t<\/div>\n\t\t\t\t<\/article>\n\t\t\t\t<article class=\"elementor-post elementor-grid-item post-7197 page type-page status-publish hentry\">\n\t\t\t\t<div class=\"elementor-post__text\">\n\t\t\t\t<h3 class=\"elementor-post__title\">\n\t\t\t<a href=\"https:\/\/planestrategico.uach.cl\/?page_id=7197\" >\n\t\t\t\tLa Universidad Austral de Chile inicia proceso de planificaci\u00f3n estrat\u00e9gica\t\t\t<\/a>\n\t\t<\/h3>\n\t\t\t\t<div class=\"elementor-post__meta-data\">\n\t\t\t\t\t<span class=\"elementor-post-date\">\n\t\t\t22 de noviembre de 2024\t\t<\/span>\n\t\t\t\t<\/div>\n\t\t\t\t<\/div>\n\t\t\t\t<\/article>\n\t\t\t\t<article class=\"elementor-post elementor-grid-item post-7111 page type-page status-publish hentry\">\n\t\t\t\t<div class=\"elementor-post__text\">\n\t\t\t\t<h3 class=\"elementor-post__title\">\n\t\t\t<a href=\"https:\/\/planestrategico.uach.cl\/?page_id=7111\" >\n\t\t\t\tPlan Estrat\u00e9gico UACh: Un compromiso colectivo\t\t\t<\/a>\n\t\t<\/h3>\n\t\t\t\t<div class=\"elementor-post__meta-data\">\n\t\t\t\t\t<span class=\"elementor-post-date\">\n\t\t\t8 de noviembre de 2024\t\t<\/span>\n\t\t\t\t<\/div>\n\t\t\t\t<\/div>\n\t\t\t\t<\/article>\n\t\t\t\t<\/div>\n\n\n\t\t\n\t\t\t\t<\/div>\n\t\t\t\t<\/div>\n\t\t\t\t\t<\/div>\n\t\t<\/div>\n\t\t\t\t\t\t\t<\/div>\n\t\t<\/section>\n\t\t\t\t\t\t\t<\/div>\n\t\t","protected":false},"excerpt":{"rendered":"<p>UACh comenz\u00f3 \u00faltima etapa del proceso de Planificaci\u00f3n Estrat\u00e9gica Institucional 2025\u20132029 El desaf\u00edo ser\u00e1 consolidar y afinar la propuesta junto al Comit\u00e9 Asesor, con el<\/p>\n","protected":false},"author":5,"featured_media":0,"parent":0,"menu_order":0,"comment_status":"closed","ping_status":"closed","template":"","meta":{"om_disable_all_campaigns":false,"_monsterinsights_skip_tracking":false,"_monsterinsights_sitenote_active":false,"_monsterinsights_sitenote_note":"","_monsterinsights_sitenote_category":0,"_uf_show_specific_survey":0,"_uf_disable_surveys":false,"footnotes":""},"class_list":["post-7398","page","type-page","status-publish","hentry"],"aioseo_notices":[],"_links":{"self":[{"href":"https:\/\/planestrategico.uach.cl\/index.php?rest_route=\/wp\/v2\/pages\/7398","targetHints":{"allow":["GET"]}}],"collection":[{"href":"https:\/\/planestrategico.uach.cl\/index.php?rest_route=\/wp\/v2\/pages"}],"about":[{"href":"https:\/\/planestrategico.uach.cl\/index.php?rest_route=\/wp\/v2\/types\/page"}],"author":[{"embeddable":true,"href":"https:\/\/planestrategico.uach.cl\/index.php?rest_route=\/wp\/v2\/users\/5"}],"replies":[{"embeddable":true,"href":"https:\/\/planestrategico.uach.cl\/index.php?rest_route=%2Fwp%2Fv2%2Fcomments&post=7398"}],"version-history":[{"count":7,"href":"https:\/\/planestrategico.uach.cl\/index.php?rest_route=\/wp\/v2\/pages\/7398\/revisions"}],"predecessor-version":[{"id":7409,"href":"https:\/\/planestrategico.uach.cl\/index.php?rest_route=\/wp\/v2\/pages\/7398\/revisions\/7409"}],"wp:attachment":[{"href":"https:\/\/planestrategico.uach.cl\/index.php?rest_route=%2Fwp%2Fv2%2Fmedia&parent=7398"}],"curies":[{"name":"wp","href":"https:\/\/api.w.org\/{rel}","templated":true}]}}