{"id":7438,"date":"2025-03-17T13:32:08","date_gmt":"2025-03-17T13:32:08","guid":{"rendered":"https:\/\/planestrategico.uach.cl\/?page_id=7438"},"modified":"2025-03-17T13:37:25","modified_gmt":"2025-03-17T13:37:25","slug":"jose-joaquin-brunner-participo-en-jornada-de-aseguramiento-interno-de-la-calidad","status":"publish","type":"page","link":"https:\/\/planestrategico.uach.cl\/?page_id=7438","title":{"rendered":"Jos\u00e9 Joaqu\u00edn Brunner particip\u00f3 en jornada de aseguramiento interno de la calidad"},"content":{"rendered":"\t\t<div data-elementor-type=\"wp-page\" data-elementor-id=\"7438\" class=\"elementor elementor-7438\">\n\t\t\t\t\t\t\t\t\t<section class=\"elementor-section elementor-top-section elementor-element elementor-element-5a3cb01 elementor-section-boxed elementor-section-height-default elementor-section-height-default\" data-id=\"5a3cb01\" data-element_type=\"section\">\n\t\t\t\t\t\t<div class=\"elementor-container elementor-column-gap-default\">\n\t\t\t\t\t<div class=\"elementor-column elementor-col-66 elementor-top-column elementor-element elementor-element-1c66097\" data-id=\"1c66097\" data-element_type=\"column\">\n\t\t\t<div class=\"elementor-widget-wrap elementor-element-populated\">\n\t\t\t\t\t\t\t\t<div class=\"elementor-element elementor-element-4cfd041 elementor-widget elementor-widget-spacer\" data-id=\"4cfd041\" data-element_type=\"widget\" data-widget_type=\"spacer.default\">\n\t\t\t\t<div class=\"elementor-widget-container\">\n\t\t\t<style>\/*! elementor - v3.6.7 - 03-07-2022 *\/\n.e-container.e-container--row .elementor-spacer-inner{width:var(--spacer-size)}.e-container.e-container--column .elementor-spacer-inner,.elementor-column .elementor-spacer-inner{height:var(--spacer-size)}<\/style>\t\t<div class=\"elementor-spacer\">\n\t\t\t<div class=\"elementor-spacer-inner\"><\/div>\n\t\t<\/div>\n\t\t\t\t<\/div>\n\t\t\t\t<\/div>\n\t\t\t\t<div class=\"elementor-element elementor-element-8723a5a elementor-widget elementor-widget-heading\" data-id=\"8723a5a\" data-element_type=\"widget\" data-widget_type=\"heading.default\">\n\t\t\t\t<div class=\"elementor-widget-container\">\n\t\t\t<style>\/*! elementor - v3.6.7 - 03-07-2022 *\/\n.elementor-heading-title{padding:0;margin:0;line-height:1}.elementor-widget-heading .elementor-heading-title[class*=elementor-size-]>a{color:inherit;font-size:inherit;line-height:inherit}.elementor-widget-heading .elementor-heading-title.elementor-size-small{font-size:15px}.elementor-widget-heading .elementor-heading-title.elementor-size-medium{font-size:19px}.elementor-widget-heading .elementor-heading-title.elementor-size-large{font-size:29px}.elementor-widget-heading .elementor-heading-title.elementor-size-xl{font-size:39px}.elementor-widget-heading .elementor-heading-title.elementor-size-xxl{font-size:59px}<\/style><h2 class=\"elementor-heading-title elementor-size-default\">Jos\u00e9 Joaqu\u00edn Brunner particip\u00f3 en jornada de aseguramiento interno de la calidad<\/h2>\t\t<\/div>\n\t\t\t\t<\/div>\n\t\t\t\t<div class=\"elementor-element elementor-element-5de0732 elementor-widget elementor-widget-image\" data-id=\"5de0732\" data-element_type=\"widget\" data-widget_type=\"image.default\">\n\t\t\t\t<div class=\"elementor-widget-container\">\n\t\t\t<style>\/*! elementor - v3.6.7 - 03-07-2022 *\/\n.elementor-widget-image{text-align:center}.elementor-widget-image a{display:inline-block}.elementor-widget-image a img[src$=\".svg\"]{width:48px}.elementor-widget-image img{vertical-align:middle;display:inline-block}<\/style>\t\t\t\t\t\t\t\t\t<figure class=\"wp-caption\">\n\t\t\t\t\t\t\t\t\t\t<img loading=\"lazy\" decoding=\"async\" width=\"800\" height=\"602\" src=\"https:\/\/planestrategico.uach.cl\/wp-content\/uploads\/2025\/03\/Portada-1170x880-1-1024x770.jpeg\" class=\"attachment-large size-large\" alt=\"\" srcset=\"https:\/\/planestrategico.uach.cl\/wp-content\/uploads\/2025\/03\/Portada-1170x880-1-1024x770.jpeg 1024w, https:\/\/planestrategico.uach.cl\/wp-content\/uploads\/2025\/03\/Portada-1170x880-1-300x226.jpeg 300w, https:\/\/planestrategico.uach.cl\/wp-content\/uploads\/2025\/03\/Portada-1170x880-1-768x578.jpeg 768w, https:\/\/planestrategico.uach.cl\/wp-content\/uploads\/2025\/03\/Portada-1170x880-1.jpeg 1170w\" sizes=\"auto, (max-width: 800px) 100vw, 800px\" \/>\t\t\t\t\t\t\t\t\t\t\t<figcaption class=\"widget-image-caption wp-caption-text\">En la oportunidad se analizaron desaf\u00edos como el decrecimiento de la poblaci\u00f3n joven, el impacto de los cambios tecnol\u00f3gicos y la formaci\u00f3n a lo largo de la vida.  Adem\u00e1s del impacto de la investigaci\u00f3n, la necesidad de imaginar el futuro y los problemas de la gobernanza de las instituciones de educaci\u00f3n superior.<\/figcaption>\n\t\t\t\t\t\t\t\t\t\t<\/figure>\n\t\t\t\t\t\t\t\t\t<\/div>\n\t\t\t\t<\/div>\n\t\t\t\t<div class=\"elementor-element elementor-element-464d3f3 elementor-widget elementor-widget-text-editor\" data-id=\"464d3f3\" data-element_type=\"widget\" data-widget_type=\"text-editor.default\">\n\t\t\t\t<div class=\"elementor-widget-container\">\n\t\t\t<style>\/*! elementor - v3.6.7 - 03-07-2022 *\/\n.elementor-widget-text-editor.elementor-drop-cap-view-stacked .elementor-drop-cap{background-color:#818a91;color:#fff}.elementor-widget-text-editor.elementor-drop-cap-view-framed .elementor-drop-cap{color:#818a91;border:3px solid;background-color:transparent}.elementor-widget-text-editor:not(.elementor-drop-cap-view-default) .elementor-drop-cap{margin-top:8px}.elementor-widget-text-editor:not(.elementor-drop-cap-view-default) .elementor-drop-cap-letter{width:1em;height:1em}.elementor-widget-text-editor .elementor-drop-cap{float:left;text-align:center;line-height:1;font-size:50px}.elementor-widget-text-editor .elementor-drop-cap-letter{display:inline-block}<\/style>\t\t\t\t<p>Como parte de las actividades para fortalecer el sistema de aseguramiento de la calidad, la Universidad Austral de Chile realiz\u00f3 hoy (viernes 14 de marzo) una jornada que cont\u00f3 con la participaci\u00f3n del renombrado especialista en educaci\u00f3n Jos\u00e9 Joaqu\u00edn Brunner. Organizado por Prorrector\u00eda, el encuentro permiti\u00f3 compartir mec\u00e1nicos y avances en esta materia.<\/p><p>La jornada comenz\u00f3 en Prorrector\u00eda donde expuso la Prorrectora Dra. Angara Zambrano sobre sistema de aseguramiento interno de la calidad, tras lo cual hubo un conversatorio junto al equipo de la Direcci\u00f3n de Desarrollo Estrat\u00e9gico.<\/p><p>La actividad continu\u00f3 durante la tarde en Rector\u00eda donde el Rector Dr. Jos\u00e9 D\u00f6rner hizo una presentaci\u00f3n sobre el Plan de Recuperaci\u00f3n, avances y brechas, con foco en gobernanza. Estuvieron presentes la Prorrectora Dra. Angara Zambrano, la Vicerrectora Acad\u00e9mica Dra. Karin J\u00fcrgens, el Vicerrector de Gesti\u00f3n Econ\u00f3mica y Administrativa Dr. Pablo Hormaz\u00e1bal, el Vicerrector (S) de Investigaci\u00f3n, Desarrollo y Creaci\u00f3n Art\u00edstica (VIDCA) Dr. \u00c1lex Romero, el Secretario General Dr. Eduardo Marchant, la Jefa de Gabinete de Rector\u00eda Silvia Gonz\u00e1lez y las integrantes de la Direcci\u00f3n de Desarrollo Estrat\u00e9gico Paola Fuentes y Waleska Berr\u00edos.<\/p><p>La visita finaliz\u00f3 con el conversatorio \u201cGobernanza y aseguramiento interno de la calidad en la educaci\u00f3n superior\u201d y con las palabras de cierre del Rector Dr. Jos\u00e9 D\u00f6rner.<br \/><img loading=\"lazy\" decoding=\"async\" class=\"alignnone size-medium wp-image-199642\" src=\"https:\/\/diario.uach.cl\/wp-content\/uploads\/2025\/03\/WhatsApp-Image-2025-03-14-at-3.12.04-PM-300x226.jpeg\" sizes=\"auto, (max-width: 300px) 100vw, 300px\" srcset=\"https:\/\/diario.uach.cl\/wp-content\/uploads\/2025\/03\/WhatsApp-Image-2025-03-14-at-3.12.04-PM-300x226.jpeg 300w, https:\/\/diario.uach.cl\/wp-content\/uploads\/2025\/03\/WhatsApp-Image-2025-03-14-at-3.12.04-PM-1024x771.jpeg 1024w, https:\/\/diario.uach.cl\/wp-content\/uploads\/2025\/03\/WhatsApp-Image-2025-03-14-at-3.12.04-PM-768x578.jpeg 768w, https:\/\/diario.uach.cl\/wp-content\/uploads\/2025\/03\/WhatsApp-Image-2025-03-14-at-3.12.04-PM-1536x1156.jpeg 1536w, https:\/\/diario.uach.cl\/wp-content\/uploads\/2025\/03\/WhatsApp-Image-2025-03-14-at-3.12.04-PM-1170x880.jpeg 1170w, https:\/\/diario.uach.cl\/wp-content\/uploads\/2025\/03\/WhatsApp-Image-2025-03-14-at-3.12.04-PM-585x440.jpeg 585w, https:\/\/diario.uach.cl\/wp-content\/uploads\/2025\/03\/WhatsApp-Image-2025-03-14-at-3.12.04-PM.jpeg 1600w\" alt=\"\" width=\"300\" height=\"226\" \/><img loading=\"lazy\" decoding=\"async\" class=\"alignnone size-medium wp-image-199643\" src=\"https:\/\/diario.uach.cl\/wp-content\/uploads\/2025\/03\/WhatsApp-Image-2025-03-14-at-5.07.49-PM-2-300x226.jpeg\" sizes=\"auto, (max-width: 300px) 100vw, 300px\" srcset=\"https:\/\/diario.uach.cl\/wp-content\/uploads\/2025\/03\/WhatsApp-Image-2025-03-14-at-5.07.49-PM-2-300x226.jpeg 300w, https:\/\/diario.uach.cl\/wp-content\/uploads\/2025\/03\/WhatsApp-Image-2025-03-14-at-5.07.49-PM-2-1024x770.jpeg 1024w, https:\/\/diario.uach.cl\/wp-content\/uploads\/2025\/03\/WhatsApp-Image-2025-03-14-at-5.07.49-PM-2-768x578.jpeg 768w, https:\/\/diario.uach.cl\/wp-content\/uploads\/2025\/03\/WhatsApp-Image-2025-03-14-at-5.07.49-PM-2-1170x880.jpeg 1170w, https:\/\/diario.uach.cl\/wp-content\/uploads\/2025\/03\/WhatsApp-Image-2025-03-14-at-5.07.49-PM-2-585x440.jpeg 585w, https:\/\/diario.uach.cl\/wp-content\/uploads\/2025\/03\/WhatsApp-Image-2025-03-14-at-5.07.49-PM-2.jpeg 1280w\" alt=\"\" width=\"300\" height=\"226\" \/><br \/><strong>Proyectar a la Universidad<\/strong><\/p><p>Consultado sobre esta actividad, el Rector valor\u00f3 la visita de \u201cJos\u00e9 Joaqu\u00edn Bruner, un experto en temas de aseguramiento de la calidad, y en ese contexto se ha dado una muy entretenida discusi\u00f3n. Hemos podido tambi\u00e9n discutir un poco la visi\u00f3n que tiene respecto de nuestra Universidad en temas de aseguramiento de la calidad, y creo que son conversaciones muy importantes en t\u00e9rminos de proyectar a la UACh en el corto y en el mediano plazo, adem\u00e1s de pensar una Universidad de futuro\u201d.<\/p><p>La Prorrectora explic\u00f3 que \u201ctenemos clara una pol\u00edtica de calidad, un comit\u00e9 asesor de calidad y estamos trabajando para poder constituir este comit\u00e9 con miradas externas de especialistas y expertos en educaci\u00f3n superior. Por lo tanto, una de las actividades que tuvimos justamente fue esta jornada de trabajo con el se\u00f1or Brunner que estamos muy agradecidos de que haya podido venir y a quien le estamos presentando nuestro sistema de aseguramiento de calidad\u201d.<\/p><p>La Dra. Zambrano se\u00f1al\u00f3 que se necesita retroalimentaci\u00f3n, una mirada cr\u00edtica constructiva \u201cy la verdad es que hemos tenido una excelente jornada, nos vamos con muchas reflexiones y con muchas tareas para la casa. As\u00ed que estamos muy contentos\u201d.<br \/><img loading=\"lazy\" decoding=\"async\" class=\"alignnone size-medium wp-image-199644\" src=\"https:\/\/diario.uach.cl\/wp-content\/uploads\/2025\/03\/WhatsApp-Image-2025-03-14-at-4.35.21-PM-1-300x225.jpeg\" sizes=\"auto, (max-width: 300px) 100vw, 300px\" srcset=\"https:\/\/diario.uach.cl\/wp-content\/uploads\/2025\/03\/WhatsApp-Image-2025-03-14-at-4.35.21-PM-1-300x225.jpeg 300w, https:\/\/diario.uach.cl\/wp-content\/uploads\/2025\/03\/WhatsApp-Image-2025-03-14-at-4.35.21-PM-1-1024x768.jpeg 1024w, https:\/\/diario.uach.cl\/wp-content\/uploads\/2025\/03\/WhatsApp-Image-2025-03-14-at-4.35.21-PM-1-768x576.jpeg 768w, https:\/\/diario.uach.cl\/wp-content\/uploads\/2025\/03\/WhatsApp-Image-2025-03-14-at-4.35.21-PM-1-1170x878.jpeg 1170w, https:\/\/diario.uach.cl\/wp-content\/uploads\/2025\/03\/WhatsApp-Image-2025-03-14-at-4.35.21-PM-1-585x439.jpeg 585w, https:\/\/diario.uach.cl\/wp-content\/uploads\/2025\/03\/WhatsApp-Image-2025-03-14-at-4.35.21-PM-1.jpeg 1280w\" alt=\"\" width=\"300\" height=\"225\" \/><img loading=\"lazy\" decoding=\"async\" class=\"alignnone size-medium wp-image-199645\" src=\"https:\/\/diario.uach.cl\/wp-content\/uploads\/2025\/03\/WhatsApp-Image-2025-03-14-at-4.35.24-PM-300x225.jpeg\" sizes=\"auto, (max-width: 300px) 100vw, 300px\" srcset=\"https:\/\/diario.uach.cl\/wp-content\/uploads\/2025\/03\/WhatsApp-Image-2025-03-14-at-4.35.24-PM-300x225.jpeg 300w, https:\/\/diario.uach.cl\/wp-content\/uploads\/2025\/03\/WhatsApp-Image-2025-03-14-at-4.35.24-PM-1024x768.jpeg 1024w, https:\/\/diario.uach.cl\/wp-content\/uploads\/2025\/03\/WhatsApp-Image-2025-03-14-at-4.35.24-PM-768x576.jpeg 768w, https:\/\/diario.uach.cl\/wp-content\/uploads\/2025\/03\/WhatsApp-Image-2025-03-14-at-4.35.24-PM-1170x878.jpeg 1170w, https:\/\/diario.uach.cl\/wp-content\/uploads\/2025\/03\/WhatsApp-Image-2025-03-14-at-4.35.24-PM-585x439.jpeg 585w, https:\/\/diario.uach.cl\/wp-content\/uploads\/2025\/03\/WhatsApp-Image-2025-03-14-at-4.35.24-PM.jpeg 1280w\" alt=\"\" width=\"300\" height=\"225\" \/><br \/><strong>Foco en los cambios<\/strong><\/p><p>Jos\u00e9 Joaqu\u00edn Brunner Ried (https:\/\/brunner.cl) es soci\u00f3logo, PhD por la Universidad de Leiden, Pa\u00edses Bajos, y con estudios de posgrado en la Universidad de Oxford. Sus \u00e1reas de inter\u00e9s son el an\u00e1lisis comparado de pol\u00edticas y sistemas de educaci\u00f3n superior, el an\u00e1lisis cultural y del campo intelectual y la gobernanza de las universidades en Am\u00e9rica Latina. Fue Ministro Secretario General de Gobierno entre 1994 y 1998.<\/p><p>El Dr. Brunner destac\u00f3 que \u201cel problema que est\u00e1 abordando este grupo que trabaja sobre calidad en el caso de la universidad es vital y lo es en cualquiera de las universidades del pa\u00eds hoy d\u00eda\u201d. Sobre todo porque \u201cel mundo que est\u00e1 surgiendo en torno al pa\u00eds y a las universidades, tanto global como nacionalmente, efectivamente es un mundo lleno de desaf\u00edos\u201d.<\/p><p>Uno de ellos es que \u201cya no crece la poblaci\u00f3n y, por tanto, la expansi\u00f3n del sistema que fue el gran tema durante los \u00faltimos 30 o 40 a\u00f1os dej\u00f3 de ser tema. Ya todo el mundo que quiere estudiar puede hacerlo porque hay suficiente oferta de programas y adem\u00e1s porque hay gratuidad para una parte importante de los estudiantes, hay reg\u00edmenes de cr\u00e9dito y cosas por el estilo\u201d, dijo.<\/p><p><img loading=\"lazy\" decoding=\"async\" class=\" wp-image-199646 alignleft\" src=\"https:\/\/diario.uach.cl\/wp-content\/uploads\/2025\/03\/WhatsApp-Image-2025-03-14-at-3.05.31-PM-300x226.jpeg\" sizes=\"auto, (max-width: 453px) 100vw, 453px\" srcset=\"https:\/\/diario.uach.cl\/wp-content\/uploads\/2025\/03\/WhatsApp-Image-2025-03-14-at-3.05.31-PM-300x226.jpeg 300w, https:\/\/diario.uach.cl\/wp-content\/uploads\/2025\/03\/WhatsApp-Image-2025-03-14-at-3.05.31-PM-1024x771.jpeg 1024w, https:\/\/diario.uach.cl\/wp-content\/uploads\/2025\/03\/WhatsApp-Image-2025-03-14-at-3.05.31-PM-768x578.jpeg 768w, https:\/\/diario.uach.cl\/wp-content\/uploads\/2025\/03\/WhatsApp-Image-2025-03-14-at-3.05.31-PM-1536x1156.jpeg 1536w, https:\/\/diario.uach.cl\/wp-content\/uploads\/2025\/03\/WhatsApp-Image-2025-03-14-at-3.05.31-PM-1170x880.jpeg 1170w, https:\/\/diario.uach.cl\/wp-content\/uploads\/2025\/03\/WhatsApp-Image-2025-03-14-at-3.05.31-PM-585x440.jpeg 585w, https:\/\/diario.uach.cl\/wp-content\/uploads\/2025\/03\/WhatsApp-Image-2025-03-14-at-3.05.31-PM.jpeg 1600w\" alt=\"\" width=\"453\" height=\"341\" \/>A su vez, est\u00e1n cambiando las tecnolog\u00edas que tienen que ver con producci\u00f3n de conocimiento y con transmisi\u00f3n o docencia. \u201cLas instituciones chilenas, igual que en el resto del mundo del sur global y del norte global, tienen que adaptarse a nuevas formas pedag\u00f3gicas porque vamos a tener una disponibilidad de medios nuevos de enorme magnitud\u201d, asegur\u00f3.<\/p><p>El especialista plante\u00f3 adem\u00e1s que \u201ctenemos que pensar en c\u00f3mo vamos a hacer docencia a lo largo de la vida de las personas. Las personas van a venir a las instituciones de educaci\u00f3n superior, igual como lo hacen hoy d\u00eda cuando tiene 18 o 19 a\u00f1os, pero luego van a hacer a lo largo de su vida distinto tipo de estudio. Entonces hay que repensar todos los programas de estudio\u201d.<\/p><p>Tambi\u00e9n se\u00f1al\u00f3 que \u201chay que pensar muy en serio c\u00f3mo mejoramos el impacto de la investigaci\u00f3n que se hace en todas las \u00e1reas y qu\u00e9 significa impacto y c\u00f3mo se eval\u00faa de manera distinta para carreras aplicadas como pueden ser agronom\u00eda o las ingenier\u00edas. Tambi\u00e9n de las carreras cient\u00edficas o las ciencias sociales y de las humanidades\u201d.<\/p><p>Asimismo, indic\u00f3 que, a su juicio, el gran tema es el futuro. Es decir, \u201cc\u00f3mo nos imaginamos al pa\u00eds, a la regi\u00f3n y a las universidades dentro de estos desaf\u00edos de futuro\u201d.<\/p><p>Por \u00faltimo, mencion\u00f3 que \u201cesta universidad o cualquier universidad del pa\u00eds tienen que abordar con mucha seriedad los problemas de la gobernanza\u201d. C\u00f3mo se gobiernan las universidades hoy d\u00eda para poder actuar con la suficiente efectividad en funci\u00f3n de estos desaf\u00edos. \u201cMuchas de nuestras instituciones tienen formas de gobierno que fueron dise\u00f1adas hace 40 o 50 a\u00f1os, pero que hoy d\u00eda no est\u00e1n a la altura de los desaf\u00edos que tenemos\u201d, indic\u00f3.<\/p><p>Fuente: <a href=\"https:\/\/diario.uach.cl\/jose-joaquin-brunner-participo-en-jornada-de-aseguramiento-interno-de-la-calidad\/\">Jos\u00e9 Joaqu\u00edn Brunner particip\u00f3 en jornada de aseguramiento interno de la calidad \u2013 Noticias UACh<\/a><\/p>\t\t\t\t\t\t<\/div>\n\t\t\t\t<\/div>\n\t\t\t\t\t<\/div>\n\t\t<\/div>\n\t\t\t\t<div class=\"elementor-column elementor-col-33 elementor-top-column elementor-element elementor-element-6de5cf5\" data-id=\"6de5cf5\" data-element_type=\"column\">\n\t\t\t<div class=\"elementor-widget-wrap elementor-element-populated\">\n\t\t\t\t\t\t\t\t<div class=\"elementor-element elementor-element-0ac739c elementor-widget elementor-widget-heading\" data-id=\"0ac739c\" data-element_type=\"widget\" data-widget_type=\"heading.default\">\n\t\t\t\t<div class=\"elementor-widget-container\">\n\t\t\t<h2 class=\"elementor-heading-title elementor-size-default\">Noticias<\/h2>\t\t<\/div>\n\t\t\t\t<\/div>\n\t\t\t\t<div class=\"elementor-element elementor-element-ab22b39 elementor-grid-1 elementor-posts--thumbnail-none elementor-grid-tablet-2 elementor-grid-mobile-1 elementor-widget elementor-widget-posts\" data-id=\"ab22b39\" data-element_type=\"widget\" data-settings=\"{&quot;classic_columns&quot;:&quot;1&quot;,&quot;classic_columns_tablet&quot;:&quot;2&quot;,&quot;classic_columns_mobile&quot;:&quot;1&quot;,&quot;classic_row_gap&quot;:{&quot;unit&quot;:&quot;px&quot;,&quot;size&quot;:35,&quot;sizes&quot;:[]},&quot;classic_row_gap_tablet&quot;:{&quot;unit&quot;:&quot;px&quot;,&quot;size&quot;:&quot;&quot;,&quot;sizes&quot;:[]},&quot;classic_row_gap_mobile&quot;:{&quot;unit&quot;:&quot;px&quot;,&quot;size&quot;:&quot;&quot;,&quot;sizes&quot;:[]}}\" data-widget_type=\"posts.classic\">\n\t\t\t\t<div class=\"elementor-widget-container\">\n\t\t\t<link rel=\"stylesheet\" href=\"https:\/\/planestrategico.uach.cl\/wp-content\/plugins\/elementor-pro\/assets\/css\/widget-posts.min.css\">\t\t<div class=\"elementor-posts-container elementor-posts elementor-posts--skin-classic elementor-grid\">\n\t\t\t\t<article class=\"elementor-post elementor-grid-item post-7438 page type-page status-publish hentry\">\n\t\t\t\t<div class=\"elementor-post__text\">\n\t\t\t\t<h3 class=\"elementor-post__title\">\n\t\t\t<a href=\"https:\/\/planestrategico.uach.cl\/?page_id=7438\" >\n\t\t\t\tJos\u00e9 Joaqu\u00edn Brunner particip\u00f3 en jornada de aseguramiento interno de la calidad\t\t\t<\/a>\n\t\t<\/h3>\n\t\t\t\t<div class=\"elementor-post__meta-data\">\n\t\t\t\t\t<span class=\"elementor-post-date\">\n\t\t\t17 de marzo de 2025\t\t<\/span>\n\t\t\t\t<\/div>\n\t\t\t\t<\/div>\n\t\t\t\t<\/article>\n\t\t\t\t<article class=\"elementor-post elementor-grid-item post-7398 page type-page status-publish hentry\">\n\t\t\t\t<div class=\"elementor-post__text\">\n\t\t\t\t<h3 class=\"elementor-post__title\">\n\t\t\t<a href=\"https:\/\/planestrategico.uach.cl\/?page_id=7398\" >\n\t\t\t\tUACh comenz\u00f3 \u00faltima etapa del proceso de Planificaci\u00f3n Estrat\u00e9gica Institucional 2025\u20132029\t\t\t<\/a>\n\t\t<\/h3>\n\t\t\t\t<div class=\"elementor-post__meta-data\">\n\t\t\t\t\t<span class=\"elementor-post-date\">\n\t\t\t11 de marzo de 2025\t\t<\/span>\n\t\t\t\t<\/div>\n\t\t\t\t<\/div>\n\t\t\t\t<\/article>\n\t\t\t\t<article class=\"elementor-post elementor-grid-item post-7343 page type-page status-publish hentry\">\n\t\t\t\t<div class=\"elementor-post__text\">\n\t\t\t\t<h3 class=\"elementor-post__title\">\n\t\t\t<a href=\"https:\/\/planestrategico.uach.cl\/?page_id=7343\" >\n\t\t\t\tNuevo Plan Estrat\u00e9gico UACh: comenz\u00f3 trabajo con equipos por prop\u00f3sitos \u2013 Noticias UACh\t\t\t<\/a>\n\t\t<\/h3>\n\t\t\t\t<div class=\"elementor-post__meta-data\">\n\t\t\t\t\t<span class=\"elementor-post-date\">\n\t\t\t5 de marzo de 2025\t\t<\/span>\n\t\t\t\t<\/div>\n\t\t\t\t<\/div>\n\t\t\t\t<\/article>\n\t\t\t\t<article class=\"elementor-post elementor-grid-item post-7231 page type-page status-publish hentry\">\n\t\t\t\t<div class=\"elementor-post__text\">\n\t\t\t\t<h3 class=\"elementor-post__title\">\n\t\t\t<a href=\"https:\/\/planestrategico.uach.cl\/?page_id=7231\" >\n\t\t\t\tRealizan proceso de socializaci\u00f3n en el marco de elaboraci\u00f3n de nuevo Plan Estrat\u00e9gico UACh\t\t\t<\/a>\n\t\t<\/h3>\n\t\t\t\t<div class=\"elementor-post__meta-data\">\n\t\t\t\t\t<span class=\"elementor-post-date\">\n\t\t\t4 de diciembre de 2024\t\t<\/span>\n\t\t\t\t<\/div>\n\t\t\t\t<\/div>\n\t\t\t\t<\/article>\n\t\t\t\t<article class=\"elementor-post elementor-grid-item post-7210 page type-page status-publish hentry\">\n\t\t\t\t<div class=\"elementor-post__text\">\n\t\t\t\t<h3 class=\"elementor-post__title\">\n\t\t\t<a href=\"https:\/\/planestrategico.uach.cl\/?page_id=7210\" >\n\t\t\t\tSocializan proceso de elaboraci\u00f3n del nuevo Plan Estrat\u00e9gico institucional\t\t\t<\/a>\n\t\t<\/h3>\n\t\t\t\t<div class=\"elementor-post__meta-data\">\n\t\t\t\t\t<span class=\"elementor-post-date\">\n\t\t\t22 de noviembre de 2024\t\t<\/span>\n\t\t\t\t<\/div>\n\t\t\t\t<\/div>\n\t\t\t\t<\/article>\n\t\t\t\t<article class=\"elementor-post elementor-grid-item post-7197 page type-page status-publish hentry\">\n\t\t\t\t<div class=\"elementor-post__text\">\n\t\t\t\t<h3 class=\"elementor-post__title\">\n\t\t\t<a href=\"https:\/\/planestrategico.uach.cl\/?page_id=7197\" >\n\t\t\t\tLa Universidad Austral de Chile inicia proceso de planificaci\u00f3n estrat\u00e9gica\t\t\t<\/a>\n\t\t<\/h3>\n\t\t\t\t<div class=\"elementor-post__meta-data\">\n\t\t\t\t\t<span class=\"elementor-post-date\">\n\t\t\t22 de noviembre de 2024\t\t<\/span>\n\t\t\t\t<\/div>\n\t\t\t\t<\/div>\n\t\t\t\t<\/article>\n\t\t\t\t<\/div>\n\n\n\t\t\n\t\t\t\t<\/div>\n\t\t\t\t<\/div>\n\t\t\t\t\t<\/div>\n\t\t<\/div>\n\t\t\t\t\t\t\t<\/div>\n\t\t<\/section>\n\t\t\t\t\t\t\t<\/div>\n\t\t","protected":false},"excerpt":{"rendered":"<p>Jos\u00e9 Joaqu\u00edn Brunner particip\u00f3 en jornada de aseguramiento interno de la calidad En la oportunidad se analizaron desaf\u00edos como el decrecimiento de la poblaci\u00f3n joven,<\/p>\n","protected":false},"author":5,"featured_media":0,"parent":0,"menu_order":0,"comment_status":"closed","ping_status":"closed","template":"","meta":{"om_disable_all_campaigns":false,"_monsterinsights_skip_tracking":false,"_monsterinsights_sitenote_active":false,"_monsterinsights_sitenote_note":"","_monsterinsights_sitenote_category":0,"_uf_show_specific_survey":0,"_uf_disable_surveys":false,"footnotes":""},"class_list":["post-7438","page","type-page","status-publish","hentry"],"aioseo_notices":[],"_links":{"self":[{"href":"https:\/\/planestrategico.uach.cl\/index.php?rest_route=\/wp\/v2\/pages\/7438","targetHints":{"allow":["GET"]}}],"collection":[{"href":"https:\/\/planestrategico.uach.cl\/index.php?rest_route=\/wp\/v2\/pages"}],"about":[{"href":"https:\/\/planestrategico.uach.cl\/index.php?rest_route=\/wp\/v2\/types\/page"}],"author":[{"embeddable":true,"href":"https:\/\/planestrategico.uach.cl\/index.php?rest_route=\/wp\/v2\/users\/5"}],"replies":[{"embeddable":true,"href":"https:\/\/planestrategico.uach.cl\/index.php?rest_route=%2Fwp%2Fv2%2Fcomments&post=7438"}],"version-history":[{"count":7,"href":"https:\/\/planestrategico.uach.cl\/index.php?rest_route=\/wp\/v2\/pages\/7438\/revisions"}],"predecessor-version":[{"id":7447,"href":"https:\/\/planestrategico.uach.cl\/index.php?rest_route=\/wp\/v2\/pages\/7438\/revisions\/7447"}],"wp:attachment":[{"href":"https:\/\/planestrategico.uach.cl\/index.php?rest_route=%2Fwp%2Fv2%2Fmedia&parent=7438"}],"curies":[{"name":"wp","href":"https:\/\/api.w.org\/{rel}","templated":true}]}}