{"id":7568,"date":"2025-08-08T16:17:06","date_gmt":"2025-08-08T16:17:06","guid":{"rendered":"https:\/\/planestrategico.uach.cl\/?page_id=7568"},"modified":"2025-08-08T16:20:15","modified_gmt":"2025-08-08T16:20:15","slug":"valiosos-aportes-genero-el-plenario-operacionalizacion-plan-estrategico-institucional-uach","status":"publish","type":"page","link":"https:\/\/planestrategico.uach.cl\/?page_id=7568","title":{"rendered":"Valiosos aportes gener\u00f3 el Plenario Operacionalizaci\u00f3n Plan Estrat\u00e9gico Institucional UACh"},"content":{"rendered":"\t\t<div data-elementor-type=\"wp-page\" data-elementor-id=\"7568\" class=\"elementor elementor-7568\">\n\t\t\t\t\t\t\t\t\t<section class=\"elementor-section elementor-top-section elementor-element elementor-element-b196047 elementor-section-boxed elementor-section-height-default elementor-section-height-default\" data-id=\"b196047\" data-element_type=\"section\">\n\t\t\t\t\t\t<div class=\"elementor-container elementor-column-gap-default\">\n\t\t\t\t\t<div class=\"elementor-column elementor-col-66 elementor-top-column elementor-element elementor-element-2bde2cf\" data-id=\"2bde2cf\" data-element_type=\"column\">\n\t\t\t<div class=\"elementor-widget-wrap elementor-element-populated\">\n\t\t\t\t\t\t\t\t<div class=\"elementor-element elementor-element-2cb6336 elementor-widget elementor-widget-spacer\" data-id=\"2cb6336\" data-element_type=\"widget\" data-widget_type=\"spacer.default\">\n\t\t\t\t<div class=\"elementor-widget-container\">\n\t\t\t<style>\/*! elementor - v3.6.7 - 03-07-2022 *\/\n.e-container.e-container--row .elementor-spacer-inner{width:var(--spacer-size)}.e-container.e-container--column .elementor-spacer-inner,.elementor-column .elementor-spacer-inner{height:var(--spacer-size)}<\/style>\t\t<div class=\"elementor-spacer\">\n\t\t\t<div class=\"elementor-spacer-inner\"><\/div>\n\t\t<\/div>\n\t\t\t\t<\/div>\n\t\t\t\t<\/div>\n\t\t\t\t<div class=\"elementor-element elementor-element-1ac3403 elementor-widget elementor-widget-heading\" data-id=\"1ac3403\" data-element_type=\"widget\" data-widget_type=\"heading.default\">\n\t\t\t\t<div class=\"elementor-widget-container\">\n\t\t\t<style>\/*! elementor - v3.6.7 - 03-07-2022 *\/\n.elementor-heading-title{padding:0;margin:0;line-height:1}.elementor-widget-heading .elementor-heading-title[class*=elementor-size-]>a{color:inherit;font-size:inherit;line-height:inherit}.elementor-widget-heading .elementor-heading-title.elementor-size-small{font-size:15px}.elementor-widget-heading .elementor-heading-title.elementor-size-medium{font-size:19px}.elementor-widget-heading .elementor-heading-title.elementor-size-large{font-size:29px}.elementor-widget-heading .elementor-heading-title.elementor-size-xl{font-size:39px}.elementor-widget-heading .elementor-heading-title.elementor-size-xxl{font-size:59px}<\/style><h2 class=\"elementor-heading-title elementor-size-default\">Valiosos aportes gener\u00f3 el Plenario Operacionalizaci\u00f3n Plan Estrat\u00e9gico Institucional UACh<\/h2>\t\t<\/div>\n\t\t\t\t<\/div>\n\t\t\t\t<div class=\"elementor-element elementor-element-3c4bd01 elementor-widget elementor-widget-image\" data-id=\"3c4bd01\" data-element_type=\"widget\" data-widget_type=\"image.default\">\n\t\t\t\t<div class=\"elementor-widget-container\">\n\t\t\t<style>\/*! elementor - v3.6.7 - 03-07-2022 *\/\n.elementor-widget-image{text-align:center}.elementor-widget-image a{display:inline-block}.elementor-widget-image a img[src$=\".svg\"]{width:48px}.elementor-widget-image img{vertical-align:middle;display:inline-block}<\/style>\t\t\t\t\t\t\t\t\t<figure class=\"wp-caption\">\n\t\t\t\t\t\t\t\t\t\t<img loading=\"lazy\" decoding=\"async\" width=\"800\" height=\"600\" src=\"https:\/\/planestrategico.uach.cl\/wp-content\/uploads\/2025\/08\/Portada_2-1024x768.jpg\" class=\"attachment-large size-large\" alt=\"\" srcset=\"https:\/\/planestrategico.uach.cl\/wp-content\/uploads\/2025\/08\/Portada_2-1024x768.jpg 1024w, https:\/\/planestrategico.uach.cl\/wp-content\/uploads\/2025\/08\/Portada_2-300x225.jpg 300w, https:\/\/planestrategico.uach.cl\/wp-content\/uploads\/2025\/08\/Portada_2-768x576.jpg 768w, https:\/\/planestrategico.uach.cl\/wp-content\/uploads\/2025\/08\/Portada_2.jpg 1280w\" sizes=\"auto, (max-width: 800px) 100vw, 800px\" \/>\t\t\t\t\t\t\t\t\t\t\t<figcaption class=\"widget-image-caption wp-caption-text\">La siguiente etapa se desarrollar\u00e1 durante agosto y consiste en la definici\u00f3n de l\u00edneas base, metas, responsables y presupuesto.<\/figcaption>\n\t\t\t\t\t\t\t\t\t\t<\/figure>\n\t\t\t\t\t\t\t\t\t<\/div>\n\t\t\t\t<\/div>\n\t\t\t\t<div class=\"elementor-element elementor-element-2d50041 elementor-widget elementor-widget-text-editor\" data-id=\"2d50041\" data-element_type=\"widget\" data-widget_type=\"text-editor.default\">\n\t\t\t\t<div class=\"elementor-widget-container\">\n\t\t\t<style>\/*! elementor - v3.6.7 - 03-07-2022 *\/\n.elementor-widget-text-editor.elementor-drop-cap-view-stacked .elementor-drop-cap{background-color:#818a91;color:#fff}.elementor-widget-text-editor.elementor-drop-cap-view-framed .elementor-drop-cap{color:#818a91;border:3px solid;background-color:transparent}.elementor-widget-text-editor:not(.elementor-drop-cap-view-default) .elementor-drop-cap{margin-top:8px}.elementor-widget-text-editor:not(.elementor-drop-cap-view-default) .elementor-drop-cap-letter{width:1em;height:1em}.elementor-widget-text-editor .elementor-drop-cap{float:left;text-align:center;line-height:1;font-size:50px}.elementor-widget-text-editor .elementor-drop-cap-letter{display:inline-block}<\/style>\t\t\t\t<p>Valiosos aportes se generaron durante el Plenario Operacionalizaci\u00f3n Plan Estrat\u00e9gico Institucional UACh, el cual se realiz\u00f3 el jueves 07 de agosto en la Sala Jorge B\u00e1rcena del edificio Guillermo Araya de la Facultad de Filosof\u00eda y Humanidades en el Campus Isla Teja, Valdivia. El encuentro fue liderado por el Prorrector Dr. Gustavo Blanco e incluy\u00f3 la presentaci\u00f3n de l\u00edneas de acci\u00f3n e indicadores estrat\u00e9gicos por prop\u00f3sito estrat\u00e9gico, y adem\u00e1s se ofreci\u00f3 un espacio de consultas y retroalimentaci\u00f3n.<\/p><p>Cabe recordar que el proceso de operacionalizaci\u00f3n del Plan Estrat\u00e9gico 2025\u20132029 (aprobado por el Consejo Superior Universitario el pasado 6 de junio) se construy\u00f3 en tres etapas, y como hito de cierre a la primera de ellas se organiz\u00f3 este Plenario.<\/p><p><img loading=\"lazy\" decoding=\"async\" class=\"wp-image-207837 alignleft\" src=\"https:\/\/diario.uach.cl\/wp-content\/uploads\/2025\/08\/Interior-v2_2-300x225.jpg\" sizes=\"auto, (max-width: 400px) 100vw, 400px\" srcset=\"https:\/\/diario.uach.cl\/wp-content\/uploads\/2025\/08\/Interior-v2_2-300x225.jpg 300w, https:\/\/diario.uach.cl\/wp-content\/uploads\/2025\/08\/Interior-v2_2-1024x768.jpg 1024w, https:\/\/diario.uach.cl\/wp-content\/uploads\/2025\/08\/Interior-v2_2-768x576.jpg 768w, https:\/\/diario.uach.cl\/wp-content\/uploads\/2025\/08\/Interior-v2_2-1170x878.jpg 1170w, https:\/\/diario.uach.cl\/wp-content\/uploads\/2025\/08\/Interior-v2_2-585x439.jpg 585w, https:\/\/diario.uach.cl\/wp-content\/uploads\/2025\/08\/Interior-v2_2.jpg 1280w\" alt=\"\" width=\"400\" height=\"300\" \/>Seg\u00fan explic\u00f3 el Prorrector Dr. Gustavo Blanco, \u201cestamos cerrando un hito que es de la primera etapa de la operacionalizaci\u00f3n del Plan Estrat\u00e9gico, donde hab\u00eda un trabajo de al menos seis comisiones integradas por distintos estamentos de la comunidad universitaria. La importancia de este cierre y este plenario es poder validar ese trabajo de manera colectiva para poder enfrentar las dos siguientes etapas en un plazo muy acotado, las que tienen que ver con aspectos m\u00e1s espec\u00edficos de esa operacionalizaci\u00f3n y, por lo tanto, ahora podemos ver una mirada no solo de los \u00e1rboles sino del bosque de forma m\u00e1s completa\u201d.<\/p><p>A\u00f1adi\u00f3 que este plan \u201cno es solo estrat\u00e9gico en t\u00e9rminos de la ingenier\u00eda de procesos de planificaci\u00f3n, sino tambi\u00e9n de la capacidad de so\u00f1ar en una universidad. Es justamente en esa dimensi\u00f3n donde nosotros tenemos que ser capaces de traducir las herramientas propias de la planificaci\u00f3n en c\u00f3mo estamos so\u00f1ando una universidad en los pr\u00f3ximos cinco a\u00f1os y participar de ese sue\u00f1o colectivo\u201d.<\/p><p>La jornada comenz\u00f3 con las palabras del Prorrector Dr. Gustavo Blanco, tras lo cual el Director de Desarrollo Estrat\u00e9gico (DDE), John Dodds, comparti\u00f3 la metodolog\u00eda y desarrollo de la actividad. Luego presentaron l\u00edneas de acci\u00f3n e indicadores estrat\u00e9gicos por prop\u00f3sito estrat\u00e9gico, lo que estuvo a cargo de la Dra. Angara Zambrano; el Secretario General Dr. Eduardo Marchant; la Directora de Control de Gesti\u00f3n y Coordinaci\u00f3n del Plan de Recuperaci\u00f3n 2024-2025 Natacha Bondarenko; el Vicerrector de Investigaci\u00f3n, Desarrollo y Creaci\u00f3n Art\u00edstica (VIDCA) Dr. Luis Pardo; la profesional de la Direcci\u00f3n de Vinculaci\u00f3n con el Medio Marcela Gonz\u00e1lez y la analista de la Direcci\u00f3n de Desarrollo Estrat\u00e9gico Paola Fuentes. Finalmente moder\u00f3 las consultas y retroalimentaci\u00f3n el Jefe de la Unidad de An\u00e1lisis Institucional y Planificaci\u00f3n Estrat\u00e9gica de la DDE Felipe Leiva.<\/p><p><img loading=\"lazy\" decoding=\"async\" class=\"wp-image-207838 alignright\" src=\"https:\/\/diario.uach.cl\/wp-content\/uploads\/2025\/08\/Interior_2-300x225.jpg\" sizes=\"auto, (max-width: 403px) 100vw, 403px\" srcset=\"https:\/\/diario.uach.cl\/wp-content\/uploads\/2025\/08\/Interior_2-300x225.jpg 300w, https:\/\/diario.uach.cl\/wp-content\/uploads\/2025\/08\/Interior_2-1024x768.jpg 1024w, https:\/\/diario.uach.cl\/wp-content\/uploads\/2025\/08\/Interior_2-768x576.jpg 768w, https:\/\/diario.uach.cl\/wp-content\/uploads\/2025\/08\/Interior_2-1170x878.jpg 1170w, https:\/\/diario.uach.cl\/wp-content\/uploads\/2025\/08\/Interior_2-585x439.jpg 585w, https:\/\/diario.uach.cl\/wp-content\/uploads\/2025\/08\/Interior_2.jpg 1280w\" alt=\"\" width=\"403\" height=\"302\" \/>La siguiente etapa del proceso de operacionalizaci\u00f3n del Plan Estrat\u00e9gico etapa se desarrollar\u00e1 durante agosto y consiste en la definici\u00f3n de l\u00edneas base, metas, responsables y presupuesto, a partir del valioso trabajo realizado. Para ello, se solicitar\u00e1 nuevamente colaboraci\u00f3n, especialmente de las autoridades y sus equipos, quienes ser\u00e1n convocados progresivamente por la Direcci\u00f3n de Desarrollo Estrat\u00e9gico y la Direcci\u00f3n de Finanzas, seg\u00fan las necesidades del proceso.<\/p><p>La tercera etapa, y \u00faltima, concluye el 4 de septiembre con la entrega a Rector\u00eda del Informe de Cuadro de Manto Integral que incluir\u00e1 prop\u00f3sito estrat\u00e9gico, objetivo, l\u00edneas de acci\u00f3n, indicador, l\u00ednea base, meta, responsable y presupuesto.<\/p><p>Para m\u00e1s informaci\u00f3n, ingresar a:\u00a0<a href=\"https:\/\/planestrategico.uach.cl\/\">https:\/\/planestrategico.uach.cl\/<\/a><\/p><p>Fuente: <a href=\"https:\/\/diario.uach.cl\/valiosos-aportes-genero-el-plenario-operacionalizacion-plan-estrategico-institucional-uach\/\">Valiosos aportes gener\u00f3 el Plenario Operacionalizaci\u00f3n Plan Estrat\u00e9gico Institucional UACh \u2013 Noticias UACh<\/a><\/p>\t\t\t\t\t\t<\/div>\n\t\t\t\t<\/div>\n\t\t\t\t\t<\/div>\n\t\t<\/div>\n\t\t\t\t<div class=\"elementor-column elementor-col-33 elementor-top-column elementor-element elementor-element-3a91425\" data-id=\"3a91425\" data-element_type=\"column\">\n\t\t\t<div class=\"elementor-widget-wrap elementor-element-populated\">\n\t\t\t\t\t\t\t\t<div class=\"elementor-element elementor-element-e1e097e elementor-widget elementor-widget-heading\" data-id=\"e1e097e\" data-element_type=\"widget\" data-widget_type=\"heading.default\">\n\t\t\t\t<div class=\"elementor-widget-container\">\n\t\t\t<h2 class=\"elementor-heading-title elementor-size-default\">Noticias<\/h2>\t\t<\/div>\n\t\t\t\t<\/div>\n\t\t\t\t<div class=\"elementor-element elementor-element-8e59e0a elementor-grid-1 elementor-posts--thumbnail-none elementor-grid-tablet-2 elementor-grid-mobile-1 elementor-widget elementor-widget-posts\" data-id=\"8e59e0a\" data-element_type=\"widget\" data-settings=\"{&quot;classic_columns&quot;:&quot;1&quot;,&quot;classic_columns_tablet&quot;:&quot;2&quot;,&quot;classic_columns_mobile&quot;:&quot;1&quot;,&quot;classic_row_gap&quot;:{&quot;unit&quot;:&quot;px&quot;,&quot;size&quot;:35,&quot;sizes&quot;:[]},&quot;classic_row_gap_tablet&quot;:{&quot;unit&quot;:&quot;px&quot;,&quot;size&quot;:&quot;&quot;,&quot;sizes&quot;:[]},&quot;classic_row_gap_mobile&quot;:{&quot;unit&quot;:&quot;px&quot;,&quot;size&quot;:&quot;&quot;,&quot;sizes&quot;:[]}}\" data-widget_type=\"posts.classic\">\n\t\t\t\t<div class=\"elementor-widget-container\">\n\t\t\t<link rel=\"stylesheet\" href=\"https:\/\/planestrategico.uach.cl\/wp-content\/plugins\/elementor-pro\/assets\/css\/widget-posts.min.css\">\t\t<div class=\"elementor-posts-container elementor-posts elementor-posts--skin-classic elementor-grid\">\n\t\t\t\t<article class=\"elementor-post elementor-grid-item post-7568 page type-page status-publish hentry\">\n\t\t\t\t<div class=\"elementor-post__text\">\n\t\t\t\t<h3 class=\"elementor-post__title\">\n\t\t\t<a href=\"https:\/\/planestrategico.uach.cl\/?page_id=7568\" >\n\t\t\t\tValiosos aportes gener\u00f3 el Plenario Operacionalizaci\u00f3n Plan Estrat\u00e9gico Institucional UACh\t\t\t<\/a>\n\t\t<\/h3>\n\t\t\t\t<div class=\"elementor-post__meta-data\">\n\t\t\t\t\t<span class=\"elementor-post-date\">\n\t\t\t8 de agosto de 2025\t\t<\/span>\n\t\t\t\t<\/div>\n\t\t\t\t<\/div>\n\t\t\t\t<\/article>\n\t\t\t\t<article class=\"elementor-post elementor-grid-item post-7532 page type-page status-publish hentry\">\n\t\t\t\t<div class=\"elementor-post__text\">\n\t\t\t\t<h3 class=\"elementor-post__title\">\n\t\t\t<a href=\"https:\/\/planestrategico.uach.cl\/?page_id=7532\" >\n\t\t\t\tConsejo Superior Universitario UACh aprob\u00f3 Plan Estrat\u00e9gico Institucional 2025\u20132029\t\t\t<\/a>\n\t\t<\/h3>\n\t\t\t\t<div class=\"elementor-post__meta-data\">\n\t\t\t\t\t<span class=\"elementor-post-date\">\n\t\t\t6 de junio de 2025\t\t<\/span>\n\t\t\t\t<\/div>\n\t\t\t\t<\/div>\n\t\t\t\t<\/article>\n\t\t\t\t<article class=\"elementor-post elementor-grid-item post-7462 page type-page status-publish hentry\">\n\t\t\t\t<div class=\"elementor-post__text\">\n\t\t\t\t<h3 class=\"elementor-post__title\">\n\t\t\t<a href=\"https:\/\/planestrategico.uach.cl\/?page_id=7462\" >\n\t\t\t\tEn cuerpos colegiados: se inicia proceso de discusi\u00f3n del Plan Estrat\u00e9gico Institucional 2025\u20132029\t\t\t<\/a>\n\t\t<\/h3>\n\t\t\t\t<div class=\"elementor-post__meta-data\">\n\t\t\t\t\t<span class=\"elementor-post-date\">\n\t\t\t28 de abril de 2025\t\t<\/span>\n\t\t\t\t<\/div>\n\t\t\t\t<\/div>\n\t\t\t\t<\/article>\n\t\t\t\t<article class=\"elementor-post elementor-grid-item post-7438 page type-page status-publish hentry\">\n\t\t\t\t<div class=\"elementor-post__text\">\n\t\t\t\t<h3 class=\"elementor-post__title\">\n\t\t\t<a href=\"https:\/\/planestrategico.uach.cl\/?page_id=7438\" >\n\t\t\t\tJos\u00e9 Joaqu\u00edn Brunner particip\u00f3 en jornada de aseguramiento interno de la calidad\t\t\t<\/a>\n\t\t<\/h3>\n\t\t\t\t<div class=\"elementor-post__meta-data\">\n\t\t\t\t\t<span class=\"elementor-post-date\">\n\t\t\t17 de marzo de 2025\t\t<\/span>\n\t\t\t\t<\/div>\n\t\t\t\t<\/div>\n\t\t\t\t<\/article>\n\t\t\t\t<article class=\"elementor-post elementor-grid-item post-7398 page type-page status-publish hentry\">\n\t\t\t\t<div class=\"elementor-post__text\">\n\t\t\t\t<h3 class=\"elementor-post__title\">\n\t\t\t<a href=\"https:\/\/planestrategico.uach.cl\/?page_id=7398\" >\n\t\t\t\tUACh comenz\u00f3 \u00faltima etapa del proceso de Planificaci\u00f3n Estrat\u00e9gica Institucional 2025\u20132029\t\t\t<\/a>\n\t\t<\/h3>\n\t\t\t\t<div class=\"elementor-post__meta-data\">\n\t\t\t\t\t<span class=\"elementor-post-date\">\n\t\t\t11 de marzo de 2025\t\t<\/span>\n\t\t\t\t<\/div>\n\t\t\t\t<\/div>\n\t\t\t\t<\/article>\n\t\t\t\t<article class=\"elementor-post elementor-grid-item post-7343 page type-page status-publish hentry\">\n\t\t\t\t<div class=\"elementor-post__text\">\n\t\t\t\t<h3 class=\"elementor-post__title\">\n\t\t\t<a href=\"https:\/\/planestrategico.uach.cl\/?page_id=7343\" >\n\t\t\t\tNuevo Plan Estrat\u00e9gico UACh: comenz\u00f3 trabajo con equipos por prop\u00f3sitos \u2013 Noticias UACh\t\t\t<\/a>\n\t\t<\/h3>\n\t\t\t\t<div class=\"elementor-post__meta-data\">\n\t\t\t\t\t<span class=\"elementor-post-date\">\n\t\t\t5 de marzo de 2025\t\t<\/span>\n\t\t\t\t<\/div>\n\t\t\t\t<\/div>\n\t\t\t\t<\/article>\n\t\t\t\t<\/div>\n\n\n\t\t\n\t\t\t\t<\/div>\n\t\t\t\t<\/div>\n\t\t\t\t\t<\/div>\n\t\t<\/div>\n\t\t\t\t\t\t\t<\/div>\n\t\t<\/section>\n\t\t\t\t\t\t\t<\/div>\n\t\t","protected":false},"excerpt":{"rendered":"<p>Valiosos aportes gener\u00f3 el Plenario Operacionalizaci\u00f3n Plan Estrat\u00e9gico Institucional UACh La siguiente etapa se desarrollar\u00e1 durante agosto y consiste en la definici\u00f3n de l\u00edneas base,<\/p>\n","protected":false},"author":5,"featured_media":0,"parent":0,"menu_order":0,"comment_status":"closed","ping_status":"closed","template":"","meta":{"om_disable_all_campaigns":false,"_monsterinsights_skip_tracking":false,"_monsterinsights_sitenote_active":false,"_monsterinsights_sitenote_note":"","_monsterinsights_sitenote_category":0,"_uf_show_specific_survey":0,"_uf_disable_surveys":false,"footnotes":""},"class_list":["post-7568","page","type-page","status-publish","hentry"],"aioseo_notices":[],"_links":{"self":[{"href":"https:\/\/planestrategico.uach.cl\/index.php?rest_route=\/wp\/v2\/pages\/7568","targetHints":{"allow":["GET"]}}],"collection":[{"href":"https:\/\/planestrategico.uach.cl\/index.php?rest_route=\/wp\/v2\/pages"}],"about":[{"href":"https:\/\/planestrategico.uach.cl\/index.php?rest_route=\/wp\/v2\/types\/page"}],"author":[{"embeddable":true,"href":"https:\/\/planestrategico.uach.cl\/index.php?rest_route=\/wp\/v2\/users\/5"}],"replies":[{"embeddable":true,"href":"https:\/\/planestrategico.uach.cl\/index.php?rest_route=%2Fwp%2Fv2%2Fcomments&post=7568"}],"version-history":[{"count":7,"href":"https:\/\/planestrategico.uach.cl\/index.php?rest_route=\/wp\/v2\/pages\/7568\/revisions"}],"predecessor-version":[{"id":7576,"href":"https:\/\/planestrategico.uach.cl\/index.php?rest_route=\/wp\/v2\/pages\/7568\/revisions\/7576"}],"wp:attachment":[{"href":"https:\/\/planestrategico.uach.cl\/index.php?rest_route=%2Fwp%2Fv2%2Fmedia&parent=7568"}],"curies":[{"name":"wp","href":"https:\/\/api.w.org\/{rel}","templated":true}]}}