{"id":7610,"date":"2025-10-16T18:09:40","date_gmt":"2025-10-16T18:09:40","guid":{"rendered":"https:\/\/planestrategico.uach.cl\/?page_id=7610"},"modified":"2025-10-16T18:13:42","modified_gmt":"2025-10-16T18:13:42","slug":"presentan-plan-estrategico-institucional-2025-2029","status":"publish","type":"page","link":"https:\/\/planestrategico.uach.cl\/?page_id=7610","title":{"rendered":"Presentan Plan Estrat\u00e9gico Institucional 2025-2029"},"content":{"rendered":"\t\t<div data-elementor-type=\"wp-page\" data-elementor-id=\"7610\" class=\"elementor elementor-7610\">\n\t\t\t\t\t\t\t\t\t<section class=\"elementor-section elementor-top-section elementor-element elementor-element-e5e3fa3 elementor-section-boxed elementor-section-height-default elementor-section-height-default\" data-id=\"e5e3fa3\" data-element_type=\"section\">\n\t\t\t\t\t\t<div class=\"elementor-container elementor-column-gap-default\">\n\t\t\t\t\t<div class=\"elementor-column elementor-col-66 elementor-top-column elementor-element elementor-element-2216e04\" data-id=\"2216e04\" data-element_type=\"column\">\n\t\t\t<div class=\"elementor-widget-wrap elementor-element-populated\">\n\t\t\t\t\t\t\t\t<div class=\"elementor-element elementor-element-85a7ac8 elementor-widget elementor-widget-spacer\" data-id=\"85a7ac8\" data-element_type=\"widget\" data-widget_type=\"spacer.default\">\n\t\t\t\t<div class=\"elementor-widget-container\">\n\t\t\t<style>\/*! elementor - v3.6.7 - 03-07-2022 *\/\n.e-container.e-container--row .elementor-spacer-inner{width:var(--spacer-size)}.e-container.e-container--column .elementor-spacer-inner,.elementor-column .elementor-spacer-inner{height:var(--spacer-size)}<\/style>\t\t<div class=\"elementor-spacer\">\n\t\t\t<div class=\"elementor-spacer-inner\"><\/div>\n\t\t<\/div>\n\t\t\t\t<\/div>\n\t\t\t\t<\/div>\n\t\t\t\t<div class=\"elementor-element elementor-element-b1aff82 elementor-widget elementor-widget-heading\" data-id=\"b1aff82\" data-element_type=\"widget\" data-widget_type=\"heading.default\">\n\t\t\t\t<div class=\"elementor-widget-container\">\n\t\t\t<style>\/*! elementor - v3.6.7 - 03-07-2022 *\/\n.elementor-heading-title{padding:0;margin:0;line-height:1}.elementor-widget-heading .elementor-heading-title[class*=elementor-size-]>a{color:inherit;font-size:inherit;line-height:inherit}.elementor-widget-heading .elementor-heading-title.elementor-size-small{font-size:15px}.elementor-widget-heading .elementor-heading-title.elementor-size-medium{font-size:19px}.elementor-widget-heading .elementor-heading-title.elementor-size-large{font-size:29px}.elementor-widget-heading .elementor-heading-title.elementor-size-xl{font-size:39px}.elementor-widget-heading .elementor-heading-title.elementor-size-xxl{font-size:59px}<\/style><h2 class=\"elementor-heading-title elementor-size-default\">Presentan Plan Estrat\u00e9gico Institucional 2025-2029<\/h2>\t\t<\/div>\n\t\t\t\t<\/div>\n\t\t\t\t<div class=\"elementor-element elementor-element-e0b823a elementor-widget elementor-widget-image\" data-id=\"e0b823a\" data-element_type=\"widget\" data-widget_type=\"image.default\">\n\t\t\t\t<div class=\"elementor-widget-container\">\n\t\t\t<style>\/*! elementor - v3.6.7 - 03-07-2022 *\/\n.elementor-widget-image{text-align:center}.elementor-widget-image a{display:inline-block}.elementor-widget-image a img[src$=\".svg\"]{width:48px}.elementor-widget-image img{vertical-align:middle;display:inline-block}<\/style>\t\t\t\t\t\t\t\t\t<figure class=\"wp-caption\">\n\t\t\t\t\t\t\t\t\t\t<img loading=\"lazy\" decoding=\"async\" width=\"800\" height=\"533\" src=\"https:\/\/planestrategico.uach.cl\/wp-content\/uploads\/2025\/10\/1-10.jpg\" class=\"attachment-large size-large\" alt=\"\" \/>\t\t\t\t\t\t\t\t\t\t\t<figcaption class=\"widget-image-caption wp-caption-text\">Este plan es la hoja de ruta que guiar\u00e1 el desarrollo de nuestra Universidad durante los pr\u00f3ximos cinco a\u00f1os.<\/figcaption>\n\t\t\t\t\t\t\t\t\t\t<\/figure>\n\t\t\t\t\t\t\t\t\t<\/div>\n\t\t\t\t<\/div>\n\t\t\t\t<div class=\"elementor-element elementor-element-3ce5b0d elementor-widget elementor-widget-text-editor\" data-id=\"3ce5b0d\" data-element_type=\"widget\" data-widget_type=\"text-editor.default\">\n\t\t\t\t<div class=\"elementor-widget-container\">\n\t\t\t<style>\/*! elementor - v3.6.7 - 03-07-2022 *\/\n.elementor-widget-text-editor.elementor-drop-cap-view-stacked .elementor-drop-cap{background-color:#818a91;color:#fff}.elementor-widget-text-editor.elementor-drop-cap-view-framed .elementor-drop-cap{color:#818a91;border:3px solid;background-color:transparent}.elementor-widget-text-editor:not(.elementor-drop-cap-view-default) .elementor-drop-cap{margin-top:8px}.elementor-widget-text-editor:not(.elementor-drop-cap-view-default) .elementor-drop-cap-letter{width:1em;height:1em}.elementor-widget-text-editor .elementor-drop-cap{float:left;text-align:center;line-height:1;font-size:50px}.elementor-widget-text-editor .elementor-drop-cap-letter{display:inline-block}<\/style>\t\t\t\t<p>La ma\u00f1ana del mi\u00e9rcoles 15 de octubre en el Sal\u00f3n Jorge Millas se realiz\u00f3 la ceremonia de presentaci\u00f3n y entrega a autoridades del Plan Estrat\u00e9gico Institucional 2025-2029 de la Universidad Austral de Chile.<\/p><p>La ceremonia fue encabezada por el Rector de la Universidad Austral de Chile, Dr. Egon Montecinos; la Presidenta del Directorio, Marcela Villenas; y el Prorrector, Dr. Gustavo Blanco.<\/p><p><img loading=\"lazy\" decoding=\"async\" class=\"alignnone wp-image-211929\" src=\"https:\/\/diario.uach.cl\/wp-content\/uploads\/2025\/10\/3-18-300x200.jpg\" sizes=\"auto, (max-width: 350px) 100vw, 350px\" srcset=\"https:\/\/diario.uach.cl\/wp-content\/uploads\/2025\/10\/3-18-300x200.jpg 300w, https:\/\/diario.uach.cl\/wp-content\/uploads\/2025\/10\/3-18-1024x683.jpg 1024w, https:\/\/diario.uach.cl\/wp-content\/uploads\/2025\/10\/3-18-768x512.jpg 768w, https:\/\/diario.uach.cl\/wp-content\/uploads\/2025\/10\/3-18-1536x1024.jpg 1536w, https:\/\/diario.uach.cl\/wp-content\/uploads\/2025\/10\/3-18-1170x780.jpg 1170w, https:\/\/diario.uach.cl\/wp-content\/uploads\/2025\/10\/3-18-780x516.jpg 780w, https:\/\/diario.uach.cl\/wp-content\/uploads\/2025\/10\/3-18-585x390.jpg 585w, https:\/\/diario.uach.cl\/wp-content\/uploads\/2025\/10\/3-18-263x175.jpg 263w, https:\/\/diario.uach.cl\/wp-content\/uploads\/2025\/10\/3-18.jpg 1800w\" alt=\"\" width=\"350\" height=\"233\" \/><img loading=\"lazy\" decoding=\"async\" class=\"alignnone wp-image-211930\" src=\"https:\/\/diario.uach.cl\/wp-content\/uploads\/2025\/10\/5-10-300x200.jpg\" sizes=\"auto, (max-width: 348px) 100vw, 348px\" srcset=\"https:\/\/diario.uach.cl\/wp-content\/uploads\/2025\/10\/5-10-300x200.jpg 300w, https:\/\/diario.uach.cl\/wp-content\/uploads\/2025\/10\/5-10-1024x683.jpg 1024w, https:\/\/diario.uach.cl\/wp-content\/uploads\/2025\/10\/5-10-768x512.jpg 768w, https:\/\/diario.uach.cl\/wp-content\/uploads\/2025\/10\/5-10-1536x1024.jpg 1536w, https:\/\/diario.uach.cl\/wp-content\/uploads\/2025\/10\/5-10-1170x780.jpg 1170w, https:\/\/diario.uach.cl\/wp-content\/uploads\/2025\/10\/5-10-585x390.jpg 585w, https:\/\/diario.uach.cl\/wp-content\/uploads\/2025\/10\/5-10-263x175.jpg 263w, https:\/\/diario.uach.cl\/wp-content\/uploads\/2025\/10\/5-10.jpg 1800w\" alt=\"\" width=\"348\" height=\"232\" \/><br \/>El Rector de la UACh, Dr. Egon Montecinos, destac\u00f3 la labor del equipo de Prorrector\u00eda en la concreci\u00f3n de este Plan que permite a nuestra casa de estudios, definir una mirada estrat\u00e9gica a largo plazo: \u201cLas instituciones requieren saber a d\u00f3nde van, c\u00f3mo van caminando y definir el ritmo necesario para conseguir sus objetivos\u201d, sostuvo.<\/p><p>Asimismo, valor\u00f3 la labor efectuada durante la Rector\u00eda del Dr. Jos\u00e9 D\u00f6rner, haciendo hincapi\u00e9 que se continu\u00f3 la ruta del trabajo previamente desarrollada, efectuando los ajustes necesarios para lograr un Plan que refleje una universidad unida en el camino para lograr sus metas: \u201cNo me queda m\u00e1s que celebrar este hito y poner todo nuestro esfuerzo para que se cumplan los objetivos y prop\u00f3sitos planteados\u201d, recalc\u00f3 la autoridad universitaria.<\/p><p><strong>Avanzando hacia la nueva acreditaci\u00f3n institucional<\/strong><\/p><p>El Prorrector Dr. Gustavo Blanco se\u00f1al\u00f3 que \u201ceste plan es nuestra carta navegaci\u00f3n y nuestra hoja de ruta para los pr\u00f3ximos a\u00f1os, en un contexto adem\u00e1s en que no solamente estamos saliendo de un Plan de Recuperaci\u00f3n, sino tambi\u00e9n avanzando a paso firme y decidido hacia un proceso de acreditaci\u00f3n para seguir siendo la universidad de excelencia que somos\u201d.<\/p><p>A\u00f1adi\u00f3 que este plan \u201ccontiene las orientaciones y herramientas necesarias, aprobadas por los cuerpos colegiados de la universidad, para navegar esa ruta. As\u00ed que estamos muy contentos de presentar el trabajo realizado en este hito de lanzamiento\u201d.<\/p><p><img loading=\"lazy\" decoding=\"async\" class=\"alignnone wp-image-211932\" src=\"https:\/\/diario.uach.cl\/wp-content\/uploads\/2025\/10\/6-5-300x200.jpg\" sizes=\"auto, (max-width: 353px) 100vw, 353px\" srcset=\"https:\/\/diario.uach.cl\/wp-content\/uploads\/2025\/10\/6-5-300x200.jpg 300w, https:\/\/diario.uach.cl\/wp-content\/uploads\/2025\/10\/6-5-1024x683.jpg 1024w, https:\/\/diario.uach.cl\/wp-content\/uploads\/2025\/10\/6-5-768x512.jpg 768w, https:\/\/diario.uach.cl\/wp-content\/uploads\/2025\/10\/6-5-1536x1024.jpg 1536w, https:\/\/diario.uach.cl\/wp-content\/uploads\/2025\/10\/6-5-1170x780.jpg 1170w, https:\/\/diario.uach.cl\/wp-content\/uploads\/2025\/10\/6-5-585x390.jpg 585w, https:\/\/diario.uach.cl\/wp-content\/uploads\/2025\/10\/6-5-263x175.jpg 263w, https:\/\/diario.uach.cl\/wp-content\/uploads\/2025\/10\/6-5.jpg 1800w\" alt=\"\" width=\"353\" height=\"236\" \/><img loading=\"lazy\" decoding=\"async\" class=\"alignnone wp-image-211931\" src=\"https:\/\/diario.uach.cl\/wp-content\/uploads\/2025\/10\/4-6-300x200.jpg\" sizes=\"auto, (max-width: 353px) 100vw, 353px\" srcset=\"https:\/\/diario.uach.cl\/wp-content\/uploads\/2025\/10\/4-6-300x200.jpg 300w, https:\/\/diario.uach.cl\/wp-content\/uploads\/2025\/10\/4-6-1024x683.jpg 1024w, https:\/\/diario.uach.cl\/wp-content\/uploads\/2025\/10\/4-6-768x512.jpg 768w, https:\/\/diario.uach.cl\/wp-content\/uploads\/2025\/10\/4-6-1536x1024.jpg 1536w, https:\/\/diario.uach.cl\/wp-content\/uploads\/2025\/10\/4-6-1170x780.jpg 1170w, https:\/\/diario.uach.cl\/wp-content\/uploads\/2025\/10\/4-6-780x516.jpg 780w, https:\/\/diario.uach.cl\/wp-content\/uploads\/2025\/10\/4-6-585x390.jpg 585w, https:\/\/diario.uach.cl\/wp-content\/uploads\/2025\/10\/4-6-263x175.jpg 263w, https:\/\/diario.uach.cl\/wp-content\/uploads\/2025\/10\/4-6.jpg 1800w\" alt=\"\" width=\"353\" height=\"235\" \/><br \/>La Presidenta del Directorio, Marcela Villenas, coincidi\u00f3 en que \u201ces la hoja de ruta por la cual nos vamos a guiar los pr\u00f3ximos a\u00f1os. Tambi\u00e9n es el pilar fundamental para el inicio de la acreditaci\u00f3n de la universidad que esperamos trabajar alineados en ello. Todos tenemos el mismo objetivo de lograr la sostenibilidad de la universidad, tanto acad\u00e9mica como financiera. Estamos muy contentos de haber participado en el proyecto y hoy d\u00eda ya estarlo entregando e iniciar la etapa de operacionalizaci\u00f3n de este plan estrat\u00e9gico\u201d.<\/p><p><strong>Plan Estrat\u00e9gico de la UACh<\/strong><\/p><p>La planificaci\u00f3n estrat\u00e9gica es un proceso sistem\u00e1tico y ordenado de reflexi\u00f3n en la que una instituci\u00f3n define su rumbo a largo plazo, materializ\u00e1ndose en un Plan Estrat\u00e9gico Institucional, orientando el esfuerzo colectivo de la instituci\u00f3n.<\/p><p><img loading=\"lazy\" decoding=\"async\" class=\"size-medium wp-image-211935 alignleft\" src=\"https:\/\/diario.uach.cl\/wp-content\/uploads\/2025\/10\/10-2-300x200.jpg\" sizes=\"auto, (max-width: 300px) 100vw, 300px\" srcset=\"https:\/\/diario.uach.cl\/wp-content\/uploads\/2025\/10\/10-2-300x200.jpg 300w, https:\/\/diario.uach.cl\/wp-content\/uploads\/2025\/10\/10-2-1024x683.jpg 1024w, https:\/\/diario.uach.cl\/wp-content\/uploads\/2025\/10\/10-2-768x512.jpg 768w, https:\/\/diario.uach.cl\/wp-content\/uploads\/2025\/10\/10-2-1536x1024.jpg 1536w, https:\/\/diario.uach.cl\/wp-content\/uploads\/2025\/10\/10-2-1170x780.jpg 1170w, https:\/\/diario.uach.cl\/wp-content\/uploads\/2025\/10\/10-2-585x390.jpg 585w, https:\/\/diario.uach.cl\/wp-content\/uploads\/2025\/10\/10-2-263x175.jpg 263w, https:\/\/diario.uach.cl\/wp-content\/uploads\/2025\/10\/10-2.jpg 1800w\" alt=\"\" width=\"300\" height=\"200\" \/>El \u00e9xito de este nuevo plan estrat\u00e9gico UACh depende de que cada integrante de nuestra comunidad conozca sus lineamientos y se comprometa activamente en su implementaci\u00f3n.<\/p><p>Esta ceremonia marca el inicio de una etapa clave para construir, entre todas y todos, la Universidad que proyectamos para el futuro.<\/p><p>Cabe destacar que nuestra universidad ha elaborado planes desde 1999, siendo el actual proceso el s\u00e9ptimo en su historia.<\/p><p>Fuente: <a href=\"https:\/\/diario.uach.cl\/llamado-a-la-unidad-en-entrega-de-plan-estrategico-institucional-uach\/\">Presentan Plan Estrat\u00e9gico Institucional 2025-2029 \u2013 Noticias UACh<\/a><\/p>\t\t\t\t\t\t<\/div>\n\t\t\t\t<\/div>\n\t\t\t\t\t<\/div>\n\t\t<\/div>\n\t\t\t\t<div class=\"elementor-column elementor-col-33 elementor-top-column elementor-element elementor-element-725c715\" data-id=\"725c715\" data-element_type=\"column\">\n\t\t\t<div class=\"elementor-widget-wrap elementor-element-populated\">\n\t\t\t\t\t\t\t\t<div class=\"elementor-element elementor-element-39d356e elementor-widget elementor-widget-heading\" data-id=\"39d356e\" data-element_type=\"widget\" data-widget_type=\"heading.default\">\n\t\t\t\t<div class=\"elementor-widget-container\">\n\t\t\t<h2 class=\"elementor-heading-title elementor-size-default\">Noticias<\/h2>\t\t<\/div>\n\t\t\t\t<\/div>\n\t\t\t\t<div class=\"elementor-element elementor-element-6f8a8a4 elementor-grid-1 elementor-posts--thumbnail-none elementor-grid-tablet-2 elementor-grid-mobile-1 elementor-widget elementor-widget-posts\" data-id=\"6f8a8a4\" data-element_type=\"widget\" data-settings=\"{&quot;classic_columns&quot;:&quot;1&quot;,&quot;classic_columns_tablet&quot;:&quot;2&quot;,&quot;classic_columns_mobile&quot;:&quot;1&quot;,&quot;classic_row_gap&quot;:{&quot;unit&quot;:&quot;px&quot;,&quot;size&quot;:35,&quot;sizes&quot;:[]},&quot;classic_row_gap_tablet&quot;:{&quot;unit&quot;:&quot;px&quot;,&quot;size&quot;:&quot;&quot;,&quot;sizes&quot;:[]},&quot;classic_row_gap_mobile&quot;:{&quot;unit&quot;:&quot;px&quot;,&quot;size&quot;:&quot;&quot;,&quot;sizes&quot;:[]}}\" data-widget_type=\"posts.classic\">\n\t\t\t\t<div class=\"elementor-widget-container\">\n\t\t\t<link rel=\"stylesheet\" href=\"https:\/\/planestrategico.uach.cl\/wp-content\/plugins\/elementor-pro\/assets\/css\/widget-posts.min.css\">\t\t<div class=\"elementor-posts-container elementor-posts elementor-posts--skin-classic elementor-grid\">\n\t\t\t\t<article class=\"elementor-post elementor-grid-item post-7610 page type-page status-publish has-post-thumbnail hentry\">\n\t\t\t\t<div class=\"elementor-post__text\">\n\t\t\t\t<h3 class=\"elementor-post__title\">\n\t\t\t<a href=\"https:\/\/planestrategico.uach.cl\/?page_id=7610\" >\n\t\t\t\tPresentan Plan Estrat\u00e9gico Institucional 2025-2029\t\t\t<\/a>\n\t\t<\/h3>\n\t\t\t\t<div class=\"elementor-post__meta-data\">\n\t\t\t\t\t<span class=\"elementor-post-date\">\n\t\t\t16 de octubre de 2025\t\t<\/span>\n\t\t\t\t<\/div>\n\t\t\t\t<\/div>\n\t\t\t\t<\/article>\n\t\t\t\t<article class=\"elementor-post elementor-grid-item post-7568 page type-page status-publish hentry\">\n\t\t\t\t<div class=\"elementor-post__text\">\n\t\t\t\t<h3 class=\"elementor-post__title\">\n\t\t\t<a href=\"https:\/\/planestrategico.uach.cl\/?page_id=7568\" >\n\t\t\t\tValiosos aportes gener\u00f3 el Plenario Operacionalizaci\u00f3n Plan Estrat\u00e9gico Institucional UACh\t\t\t<\/a>\n\t\t<\/h3>\n\t\t\t\t<div class=\"elementor-post__meta-data\">\n\t\t\t\t\t<span class=\"elementor-post-date\">\n\t\t\t8 de agosto de 2025\t\t<\/span>\n\t\t\t\t<\/div>\n\t\t\t\t<\/div>\n\t\t\t\t<\/article>\n\t\t\t\t<article class=\"elementor-post elementor-grid-item post-7532 page type-page status-publish hentry\">\n\t\t\t\t<div class=\"elementor-post__text\">\n\t\t\t\t<h3 class=\"elementor-post__title\">\n\t\t\t<a href=\"https:\/\/planestrategico.uach.cl\/?page_id=7532\" >\n\t\t\t\tConsejo Superior Universitario UACh aprob\u00f3 Plan Estrat\u00e9gico Institucional 2025\u20132029\t\t\t<\/a>\n\t\t<\/h3>\n\t\t\t\t<div class=\"elementor-post__meta-data\">\n\t\t\t\t\t<span class=\"elementor-post-date\">\n\t\t\t6 de junio de 2025\t\t<\/span>\n\t\t\t\t<\/div>\n\t\t\t\t<\/div>\n\t\t\t\t<\/article>\n\t\t\t\t<article class=\"elementor-post elementor-grid-item post-7462 page type-page status-publish hentry\">\n\t\t\t\t<div class=\"elementor-post__text\">\n\t\t\t\t<h3 class=\"elementor-post__title\">\n\t\t\t<a href=\"https:\/\/planestrategico.uach.cl\/?page_id=7462\" >\n\t\t\t\tEn cuerpos colegiados: se inicia proceso de discusi\u00f3n del Plan Estrat\u00e9gico Institucional 2025\u20132029\t\t\t<\/a>\n\t\t<\/h3>\n\t\t\t\t<div class=\"elementor-post__meta-data\">\n\t\t\t\t\t<span class=\"elementor-post-date\">\n\t\t\t28 de abril de 2025\t\t<\/span>\n\t\t\t\t<\/div>\n\t\t\t\t<\/div>\n\t\t\t\t<\/article>\n\t\t\t\t<article class=\"elementor-post elementor-grid-item post-7438 page type-page status-publish hentry\">\n\t\t\t\t<div class=\"elementor-post__text\">\n\t\t\t\t<h3 class=\"elementor-post__title\">\n\t\t\t<a href=\"https:\/\/planestrategico.uach.cl\/?page_id=7438\" >\n\t\t\t\tJos\u00e9 Joaqu\u00edn Brunner particip\u00f3 en jornada de aseguramiento interno de la calidad\t\t\t<\/a>\n\t\t<\/h3>\n\t\t\t\t<div class=\"elementor-post__meta-data\">\n\t\t\t\t\t<span class=\"elementor-post-date\">\n\t\t\t17 de marzo de 2025\t\t<\/span>\n\t\t\t\t<\/div>\n\t\t\t\t<\/div>\n\t\t\t\t<\/article>\n\t\t\t\t<article class=\"elementor-post elementor-grid-item post-7398 page type-page status-publish hentry\">\n\t\t\t\t<div class=\"elementor-post__text\">\n\t\t\t\t<h3 class=\"elementor-post__title\">\n\t\t\t<a href=\"https:\/\/planestrategico.uach.cl\/?page_id=7398\" >\n\t\t\t\tUACh comenz\u00f3 \u00faltima etapa del proceso de Planificaci\u00f3n Estrat\u00e9gica Institucional 2025\u20132029\t\t\t<\/a>\n\t\t<\/h3>\n\t\t\t\t<div class=\"elementor-post__meta-data\">\n\t\t\t\t\t<span class=\"elementor-post-date\">\n\t\t\t11 de marzo de 2025\t\t<\/span>\n\t\t\t\t<\/div>\n\t\t\t\t<\/div>\n\t\t\t\t<\/article>\n\t\t\t\t<\/div>\n\n\n\t\t\n\t\t\t\t<\/div>\n\t\t\t\t<\/div>\n\t\t\t\t\t<\/div>\n\t\t<\/div>\n\t\t\t\t\t\t\t<\/div>\n\t\t<\/section>\n\t\t\t\t\t\t\t<\/div>\n\t\t","protected":false},"excerpt":{"rendered":"<p>Presentan Plan Estrat\u00e9gico Institucional 2025-2029 Este plan es la hoja de ruta que guiar\u00e1 el desarrollo de nuestra Universidad durante los pr\u00f3ximos cinco a\u00f1os. La<\/p>\n","protected":false},"author":5,"featured_media":7612,"parent":0,"menu_order":0,"comment_status":"closed","ping_status":"closed","template":"","meta":{"om_disable_all_campaigns":false,"_monsterinsights_skip_tracking":false,"_monsterinsights_sitenote_active":false,"_monsterinsights_sitenote_note":"","_monsterinsights_sitenote_category":0,"_uf_show_specific_survey":0,"_uf_disable_surveys":false,"footnotes":""},"class_list":["post-7610","page","type-page","status-publish","has-post-thumbnail","hentry"],"aioseo_notices":[],"_links":{"self":[{"href":"https:\/\/planestrategico.uach.cl\/index.php?rest_route=\/wp\/v2\/pages\/7610","targetHints":{"allow":["GET"]}}],"collection":[{"href":"https:\/\/planestrategico.uach.cl\/index.php?rest_route=\/wp\/v2\/pages"}],"about":[{"href":"https:\/\/planestrategico.uach.cl\/index.php?rest_route=\/wp\/v2\/types\/page"}],"author":[{"embeddable":true,"href":"https:\/\/planestrategico.uach.cl\/index.php?rest_route=\/wp\/v2\/users\/5"}],"replies":[{"embeddable":true,"href":"https:\/\/planestrategico.uach.cl\/index.php?rest_route=%2Fwp%2Fv2%2Fcomments&post=7610"}],"version-history":[{"count":10,"href":"https:\/\/planestrategico.uach.cl\/index.php?rest_route=\/wp\/v2\/pages\/7610\/revisions"}],"predecessor-version":[{"id":7622,"href":"https:\/\/planestrategico.uach.cl\/index.php?rest_route=\/wp\/v2\/pages\/7610\/revisions\/7622"}],"wp:featuredmedia":[{"embeddable":true,"href":"https:\/\/planestrategico.uach.cl\/index.php?rest_route=\/wp\/v2\/media\/7612"}],"wp:attachment":[{"href":"https:\/\/planestrategico.uach.cl\/index.php?rest_route=%2Fwp%2Fv2%2Fmedia&parent=7610"}],"curies":[{"name":"wp","href":"https:\/\/api.w.org\/{rel}","templated":true}]}}